{"id":4570,"date":"2024-11-16T14:29:09","date_gmt":"2024-11-16T14:29:09","guid":{"rendered":"https:\/\/chemicalstore.ee\/toode\/lisatuledpanther-9-whiteumar-23cmwrc-purelux\/"},"modified":"2024-11-16T14:29:15","modified_gmt":"2024-11-16T14:29:15","slug":"lisatuledpanther-9-whiteumar-23cmwrc-purelux","status":"publish","type":"product","link":"https:\/\/chemicalstore.ee\/ru\/toode\/lisatuledpanther-9-whiteumar-23cmwrc-purelux\/","title":{"rendered":"Lisatuled,Panther 9 white,\u00fcmar 23cm(WRC) &#8211; Purelux"},"content":{"rendered":"<p>Purelux Panther 9 White on \u0161okeerivalt v\u00f5imas ja suurejooneline lisavalgusti, mis raputab \u00fcmmarguste lisatulede turgu oma \u00e4geda j\u00f5udluse, turu \u00fche parima kombineeritud valgusvihu, R65 poolt heakskiidetud hoiatustule funktsiooni ja ainulaadse v\u00e4limusega. Valgul on kaks erinevat v\u00f5imsusre\u017eiimi, st selle saab sisse l\u00fclitada kas maanteeliikluseks heakskiidetud m\u00f5\u00f5dukama v\u00f5imsusre\u017eiimi v\u00f5i piiramatult valgusvoogu v\u00e4ljastava PowerBoost\u00ae re\u017eiimi. Valgustisse integreeritud uuenduslik kasutajaliides v\u00f5imaldab v\u00f5imsusre\u017eiime lihtsalt ja kiiresti vahetada ka s\u00f5idu ajal, seega pole vaja teha lisa\u00fchendusi!PowerBoost\u00ae re\u017eiimis on ainult \u00fche valgusti m\u00f5\u00f5detud valgusv\u00f5imsus 12314 luumenit, ulatus kuni 709 meetrit 1 luksi juures ning kui kaks v\u00f5i enam valgustit on k\u00f5rvuti paigaldatud, on \u00f6\u00f6pimeduses m\u00e4rkamatu. pantrite rida muutub valgusn\u00e4htuseks, mis annab m\u00e4rku eelseisvast enneolematul viisil. T\u00e4helepanu k\u00f6itev disain, stiilsed detailid ja oran\u017e v\u00f5i valge seisutuli valgusti allosas teevad Panther 9 White&#8217;ist pilkup\u00fc\u00fcdva ilmutuse ning t\u00e4nu valgele v\u00e4rvile istub see kenasti, eriti heledates s\u00f5idukites.<\/p>\n","protected":false},"excerpt":{"rendered":"<p>Purelux4 x Tarne p\u00f5hisisu,lisatulede alus Purelux WRC, 4 tulele,relee kaablikomplekt Purelux Pro Serie 12V, HD DTP (1 tk. 4 v\u00e4ljundiga)tugiraud, 4 tk<\/p>\n","protected":false},"featured_media":5451,"comment_status":"closed","ping_status":"open","template":"","meta":{"_monsterinsights_skip_tracking":false,"_monsterinsights_sitenote_active":false,"_monsterinsights_sitenote_note":"","_monsterinsights_sitenote_category":0},"product_brand":[],"product_cat":[708],"product_tag":[],"class_list":{"0":"post-4570","1":"product","2":"type-product","3":"status-publish","4":"has-post-thumbnail","6":"product_cat-lisatuled","7":"pa_brand-purelux","8":"pa_kasutusotstarve-auto-lisatuled","9":"pa_uhiku-hind-275-58e-tk","10":"pa_voimsus-210w-ref-25-5000k","12":"first","13":"onbackorder","14":"sale","15":"taxable","16":"shipping-taxable","17":"purchasable","18":"product-type-simple"},"_links":{"self":[{"href":"https:\/\/chemicalstore.ee\/ru\/wp-json\/wp\/v2\/product\/4570","targetHints":{"allow":["GET"]}}],"collection":[{"href":"https:\/\/chemicalstore.ee\/ru\/wp-json\/wp\/v2\/product"}],"about":[{"href":"https:\/\/chemicalstore.ee\/ru\/wp-json\/wp\/v2\/types\/product"}],"replies":[{"embeddable":true,"href":"https:\/\/chemicalstore.ee\/ru\/wp-json\/wp\/v2\/comments?post=4570"}],"wp:featuredmedia":[{"embeddable":true,"href":"https:\/\/chemicalstore.ee\/ru\/wp-json\/wp\/v2\/media\/5451"}],"wp:attachment":[{"href":"https:\/\/chemicalstore.ee\/ru\/wp-json\/wp\/v2\/media?parent=4570"}],"wp:term":[{"taxonomy":"product_brand","embeddable":true,"href":"https:\/\/chemicalstore.ee\/ru\/wp-json\/wp\/v2\/product_brand?post=4570"},{"taxonomy":"product_cat","embeddable":true,"href":"https:\/\/chemicalstore.ee\/ru\/wp-json\/wp\/v2\/product_cat?post=4570"},{"taxonomy":"product_tag","embeddable":true,"href":"https:\/\/chemicalstore.ee\/ru\/wp-json\/wp\/v2\/product_tag?post=4570"}],"curies":[{"name":"wp","href":"https:\/\/api.w.org\/{rel}","templated":true}]}}