{"id":4563,"date":"2024-11-16T14:29:09","date_gmt":"2024-11-16T14:29:09","guid":{"rendered":"https:\/\/chemicalstore.ee\/toode\/lisatuledpanther-9umar-23cm-purelux-3\/"},"modified":"2024-11-16T14:29:11","modified_gmt":"2024-11-16T14:29:11","slug":"lisatuledpanther-9umar-23cm-purelux-3","status":"publish","type":"product","link":"https:\/\/chemicalstore.ee\/ru\/toode\/lisatuledpanther-9umar-23cm-purelux-3\/","title":{"rendered":"Lisatuled,Panther 9,\u00fcmar 23cm &#8211; Purelux"},"content":{"rendered":"<p>Purelux Panther 9 on \u0161okeerivalt v\u00f5imas ja suurejooneline lisavalgusti, mis raputab \u00fcmarate lisatulede turgu \u00e4geda j\u00f5udlusega, \u00fche parima kombineeritud valgusvihuga turul, R65-tunnustatud hoiatustulede funktsiooni ja ainulaadse v\u00e4limusega. Valgul on kaks erinevat v\u00f5imsusre\u017eiimi, st selle saab sisse l\u00fclitada kas maanteeliikluseks heakskiidetud m\u00f5\u00f5dukama v\u00f5imsusre\u017eiimi v\u00f5i piiramatult valgusvoogu v\u00e4ljastava PowerBoost\u00ae re\u017eiimi. Valgustisse integreeritud uuenduslik kasutajaliides v\u00f5imaldab v\u00f5imsusre\u017eiime lihtsalt ja kiiresti muuta kasv\u00f5i otse s\u00f5idu ajal, seega pole vaja teha lisa\u00fchendusi!PowerBoost\u00ae re\u017eiimis on ainult \u00fche valgusti m\u00f5\u00f5detud valgusv\u00f5imsus 12314 luumenit, ulatusega kuni 709 meetrit (1 luks) ja kui kaks v\u00f5i enam valgustit on \u00f6\u00f6pimeduses k\u00f5rvuti paigaldatud, siis M\u00e4rkamatu mustade pantrite rida muutub valgusn\u00e4htuseks, mis annab m\u00e4rku eelseisvast enneolematul viisil. T\u00e4helepanu \u00e4ratav disain, stiilsed detailid ja oran\u017e v\u00f5i valge seisutuli tule allosas teevad Panther 9-st pilkup\u00fc\u00fcdva ilmutuse ning t\u00e4nu mustale v\u00e4rvile sobib see kenasti igasse s\u00f5idukisse.<\/p>\n","protected":false},"excerpt":{"rendered":"<p>Purelux4 x Tarne p\u00f5hisisu,lisatulede raam Purelux HD 4 tulele,relee kaablikomplekt Purelux Pro Serie 12V, HD DTP (1 tk. 4 v\u00e4ljundiga),Tugiraud, 4 tk<\/p>\n","protected":false},"featured_media":5424,"comment_status":"closed","ping_status":"open","template":"","meta":{"_monsterinsights_skip_tracking":false,"_monsterinsights_sitenote_active":false,"_monsterinsights_sitenote_note":"","_monsterinsights_sitenote_category":0},"product_brand":[],"product_cat":[708],"product_tag":[],"class_list":{"0":"post-4563","1":"product","2":"type-product","3":"status-publish","4":"has-post-thumbnail","6":"product_cat-lisatuled","7":"pa_brand-purelux","8":"pa_kasutusotstarve-auto-lisatuled","9":"pa_uhiku-hind-275-58e-tk","10":"pa_voimsus-210w-ref-25-5000k","12":"first","13":"onbackorder","14":"sale","15":"taxable","16":"shipping-taxable","17":"purchasable","18":"product-type-simple"},"_links":{"self":[{"href":"https:\/\/chemicalstore.ee\/ru\/wp-json\/wp\/v2\/product\/4563","targetHints":{"allow":["GET"]}}],"collection":[{"href":"https:\/\/chemicalstore.ee\/ru\/wp-json\/wp\/v2\/product"}],"about":[{"href":"https:\/\/chemicalstore.ee\/ru\/wp-json\/wp\/v2\/types\/product"}],"replies":[{"embeddable":true,"href":"https:\/\/chemicalstore.ee\/ru\/wp-json\/wp\/v2\/comments?post=4563"}],"wp:featuredmedia":[{"embeddable":true,"href":"https:\/\/chemicalstore.ee\/ru\/wp-json\/wp\/v2\/media\/5424"}],"wp:attachment":[{"href":"https:\/\/chemicalstore.ee\/ru\/wp-json\/wp\/v2\/media?parent=4563"}],"wp:term":[{"taxonomy":"product_brand","embeddable":true,"href":"https:\/\/chemicalstore.ee\/ru\/wp-json\/wp\/v2\/product_brand?post=4563"},{"taxonomy":"product_cat","embeddable":true,"href":"https:\/\/chemicalstore.ee\/ru\/wp-json\/wp\/v2\/product_cat?post=4563"},{"taxonomy":"product_tag","embeddable":true,"href":"https:\/\/chemicalstore.ee\/ru\/wp-json\/wp\/v2\/product_tag?post=4563"}],"curies":[{"name":"wp","href":"https:\/\/api.w.org\/{rel}","templated":true}]}}