{"id":4525,"date":"2024-10-02T13:13:53","date_gmt":"2024-10-02T13:13:53","guid":{"rendered":"https:\/\/chemicalstore.ee\/toode\/velje-keraamilinekaitsewheel-g-b-2-15ml\/"},"modified":"2024-10-02T13:14:03","modified_gmt":"2024-10-02T13:14:03","slug":"velje-keraamilinekaitsewheel-g-b-2-15ml","status":"publish","type":"product","link":"https:\/\/chemicalstore.ee\/ru\/toode\/velje-keraamilinekaitsewheel-g-b-2-15ml\/","title":{"rendered":"Velje keraamilinekaitse,WHEEL-G B-2 &#8211; 15ml"},"content":{"rendered":"<p>FX Protect WHEEL-G B-2 on \u00e4\u00e4rmiselt vastupidav veljekaitse, mis on rikastatud aktiveeritud grafeeniosakestega. See uuenduslik kaitse pakub silmapaistvaid omadusi, sealhulgas vastupidavust \u00fclik\u00f5rgetele temperatuuridele, vastupidavust kuni 2 aastat ja paksu kaitsekihi moodustumist velje pinnale.Toodet iseloomustab vastupidavus, mehaaniline tugevus ning kaitse mustuse ja kahjulike ilmastikutingimuste eest. T\u00e4nu UV-kaitsele, v\u00f5imele t\u00e4ita v\u00e4iksemaid kriime ja parandada m\u00e4\u00e4rimist, r\u00f5hutab see kaitse ka v\u00e4rvik\u00fcllastust. FX Protect WHEEL-G B-2 sobib erinevatele rakendustele, sealhulgas alumiiniumvelgedele, v\u00e4rvitud velgedele, kroomitud velgedele, v\u00e4rvimata alumiiniumvelgedele, pidurisadulatele ja v\u00e4ljalaskes\u00fcsteemidele.<\/p>\n","protected":false},"excerpt":{"rendered":"<p>Fx Protect<\/p>\n","protected":false},"featured_media":4526,"comment_status":"closed","ping_status":"open","template":"","meta":{"_monsterinsights_skip_tracking":false,"_monsterinsights_sitenote_active":false,"_monsterinsights_sitenote_note":"","_monsterinsights_sitenote_category":0},"product_brand":[],"product_cat":[27],"product_tag":[],"class_list":{"0":"post-4525","1":"product","2":"type-product","3":"status-publish","4":"has-post-thumbnail","6":"product_cat-kaitseained","7":"pa_brand-fx-protect","8":"pa_kasutusotstarve-velje-kaitse","9":"pa_omadused-vastupidavust-ulikorgetele-temperatuuridele","10":"pa_uhiku-hind-2326-67e-l","12":"first","13":"onbackorder","14":"taxable","15":"shipping-taxable","16":"purchasable","17":"product-type-simple"},"_links":{"self":[{"href":"https:\/\/chemicalstore.ee\/ru\/wp-json\/wp\/v2\/product\/4525","targetHints":{"allow":["GET"]}}],"collection":[{"href":"https:\/\/chemicalstore.ee\/ru\/wp-json\/wp\/v2\/product"}],"about":[{"href":"https:\/\/chemicalstore.ee\/ru\/wp-json\/wp\/v2\/types\/product"}],"replies":[{"embeddable":true,"href":"https:\/\/chemicalstore.ee\/ru\/wp-json\/wp\/v2\/comments?post=4525"}],"wp:featuredmedia":[{"embeddable":true,"href":"https:\/\/chemicalstore.ee\/ru\/wp-json\/wp\/v2\/media\/4526"}],"wp:attachment":[{"href":"https:\/\/chemicalstore.ee\/ru\/wp-json\/wp\/v2\/media?parent=4525"}],"wp:term":[{"taxonomy":"product_brand","embeddable":true,"href":"https:\/\/chemicalstore.ee\/ru\/wp-json\/wp\/v2\/product_brand?post=4525"},{"taxonomy":"product_cat","embeddable":true,"href":"https:\/\/chemicalstore.ee\/ru\/wp-json\/wp\/v2\/product_cat?post=4525"},{"taxonomy":"product_tag","embeddable":true,"href":"https:\/\/chemicalstore.ee\/ru\/wp-json\/wp\/v2\/product_tag?post=4525"}],"curies":[{"name":"wp","href":"https:\/\/api.w.org\/{rel}","templated":true}]}}