{"id":4521,"date":"2024-10-02T13:13:53","date_gmt":"2024-10-02T13:13:53","guid":{"rendered":"https:\/\/chemicalstore.ee\/toode\/keraamilinekaitseg-finity-cnt-30ml-2\/"},"modified":"2024-10-02T13:14:02","modified_gmt":"2024-10-02T13:14:02","slug":"keraamilinekaitseg-finity-cnt-30ml-2","status":"publish","type":"product","link":"https:\/\/chemicalstore.ee\/ru\/toode\/keraamilinekaitseg-finity-cnt-30ml-2\/","title":{"rendered":"Keraamilinekaitse,G-FINITY CNT+ &#8211; 30ml"},"content":{"rendered":"<p>FX Protect G-FINITY\u2122 CNT+ GRAPHENE COATING on revolutsiooniline superh\u00fcdrofoobne s\u00fcsinikkeraamiline kate, mis on rikastatud s\u00fcsiniknanotorudega. See uuenduslik lahendus t\u00f5stab teie s\u00f5iduki kere kaitse t\u00e4iesti uuele tasemele. T\u00e4nu superh\u00fcdrofoobsetele omadustele moodustab kate vetth\u00fclgava kilbi, mis kaitseb niiskuse ja vee eest ning grafeeni ja s\u00fcsiniknanotorude infusiooni kaudu tagab see lisaks suurep\u00e4rasele kaitsele ka vastupidavuse kuni seitse aastat v\u00f5i 100 000 km, olenevalt hooldusest.T\u00f6\u00f6tlemine on vaevatu ja kiire, ilma keeruliste protseduurideta. Suurep\u00e4rane v\u00e4rvik\u00fcllastus suurendab v\u00e4rvi s\u00fcgavust, t\u00e4ites v\u00e4ikesed vead ja j\u00e4ttes sileda ja parema s\u00e4raga pinna. Samal ajal kaitseb kate UV-kiirte ja kahjulike ilmastikutingimuste eest. Alates v\u00e4rvitud pindadest kuni esitulede ja paljastatud plastideni pakub see mitmek\u00fclgset kaitset ja annab teie s\u00f5idukile kauakestva veatu v\u00e4limuse.*M\u00e4rkus: Enne esmakordset kasutamist soovitame testida toodet v\u00e4hem n\u00e4htaval pinnal. V\u00e4\u00e4rkasutamine v\u00f5ib pinda p\u00fcsivalt kahjustada.<\/p>\n","protected":false},"excerpt":{"rendered":"<p>Fx Protect<\/p>\n","protected":false},"featured_media":4522,"comment_status":"closed","ping_status":"open","template":"","meta":{"_monsterinsights_skip_tracking":false,"_monsterinsights_sitenote_active":false,"_monsterinsights_sitenote_note":"","_monsterinsights_sitenote_category":0},"product_brand":[],"product_cat":[27],"product_tag":[],"class_list":{"0":"post-4521","1":"product","2":"type-product","3":"status-publish","4":"has-post-thumbnail","6":"product_cat-kaitseained","7":"pa_brand-fx-protect","8":"pa_kasutusotstarve-varvpinna-kaitse","9":"pa_omadused-superhudrofoobsetele-omadustele-moodustab-kate-vetthulgava-kilbi","10":"pa_uhiku-hind-4330-00e-l","12":"first","13":"onbackorder","14":"taxable","15":"shipping-taxable","16":"purchasable","17":"product-type-simple"},"_links":{"self":[{"href":"https:\/\/chemicalstore.ee\/ru\/wp-json\/wp\/v2\/product\/4521","targetHints":{"allow":["GET"]}}],"collection":[{"href":"https:\/\/chemicalstore.ee\/ru\/wp-json\/wp\/v2\/product"}],"about":[{"href":"https:\/\/chemicalstore.ee\/ru\/wp-json\/wp\/v2\/types\/product"}],"replies":[{"embeddable":true,"href":"https:\/\/chemicalstore.ee\/ru\/wp-json\/wp\/v2\/comments?post=4521"}],"wp:featuredmedia":[{"embeddable":true,"href":"https:\/\/chemicalstore.ee\/ru\/wp-json\/wp\/v2\/media\/4522"}],"wp:attachment":[{"href":"https:\/\/chemicalstore.ee\/ru\/wp-json\/wp\/v2\/media?parent=4521"}],"wp:term":[{"taxonomy":"product_brand","embeddable":true,"href":"https:\/\/chemicalstore.ee\/ru\/wp-json\/wp\/v2\/product_brand?post=4521"},{"taxonomy":"product_cat","embeddable":true,"href":"https:\/\/chemicalstore.ee\/ru\/wp-json\/wp\/v2\/product_cat?post=4521"},{"taxonomy":"product_tag","embeddable":true,"href":"https:\/\/chemicalstore.ee\/ru\/wp-json\/wp\/v2\/product_tag?post=4521"}],"curies":[{"name":"wp","href":"https:\/\/api.w.org\/{rel}","templated":true}]}}