{"id":4513,"date":"2024-10-02T13:13:53","date_gmt":"2024-10-02T13:13:53","guid":{"rendered":"https:\/\/chemicalstore.ee\/toode\/keraamilinekaitseg-finity-cnt-30ml\/"},"modified":"2024-10-02T13:14:01","modified_gmt":"2024-10-02T13:14:01","slug":"keraamilinekaitseg-finity-cnt-30ml","status":"publish","type":"product","link":"https:\/\/chemicalstore.ee\/ru\/toode\/keraamilinekaitseg-finity-cnt-30ml\/","title":{"rendered":"Keraamilinekaitse,G-FINITY CNT &#8211; 30ml"},"content":{"rendered":"<p>Tutvuge uue superh\u00fcdrofoobse kattega t\u00e4iustatud s\u00fcsinikkeraamilise valemiga ja viige oma s\u00f5iduki kerekaitse t\u00e4iesti uuele tasemele.Katte omadused:Superh\u00fcdrofoobne,rikastatud grafeeni ja s\u00fcsiniknanotorudega,moodustab v\u00e4rvile paksu kaitsekihi,kaitse UV-kiirguse eest ja parandab v\u00e4rvik\u00fcllastust,t\u00e4idab v\u00e4ikesed vead.Parandab v\u00e4rvi siledust ja kaitseb saaste ja kahjulike ilmastikum\u00f5jude eest.Kasutusvaldkonnad:V\u00e4rvitud pinnad (kere, veljed, plastikud)v\u00e4rvimata v\u00e4lisplastid,vin\u00fc\u00fclpinnad,kummist pinnad,esituled,PPF (l\u00e4ikiv\/matt).<\/p>\n","protected":false},"excerpt":{"rendered":"<p>Fx Protect<\/p>\n","protected":false},"featured_media":4514,"comment_status":"closed","ping_status":"open","template":"","meta":{"_monsterinsights_skip_tracking":false,"_monsterinsights_sitenote_active":false,"_monsterinsights_sitenote_note":"","_monsterinsights_sitenote_category":0},"product_brand":[],"product_cat":[27],"product_tag":[],"class_list":{"0":"post-4513","1":"product","2":"type-product","3":"status-publish","4":"has-post-thumbnail","6":"product_cat-kaitseained","7":"pa_brand-fx-protect","8":"pa_kasutusotstarve-varvpinna-kaitse","9":"pa_omadused-superhudrofoobne-ja-iseparanevad-omadused-korgematel-temperatuuridel-vaid-uhe-kihiga","10":"pa_uhiku-hind-3263-33e-l","12":"first","13":"onbackorder","14":"taxable","15":"shipping-taxable","16":"purchasable","17":"product-type-simple"},"_links":{"self":[{"href":"https:\/\/chemicalstore.ee\/ru\/wp-json\/wp\/v2\/product\/4513","targetHints":{"allow":["GET"]}}],"collection":[{"href":"https:\/\/chemicalstore.ee\/ru\/wp-json\/wp\/v2\/product"}],"about":[{"href":"https:\/\/chemicalstore.ee\/ru\/wp-json\/wp\/v2\/types\/product"}],"replies":[{"embeddable":true,"href":"https:\/\/chemicalstore.ee\/ru\/wp-json\/wp\/v2\/comments?post=4513"}],"wp:featuredmedia":[{"embeddable":true,"href":"https:\/\/chemicalstore.ee\/ru\/wp-json\/wp\/v2\/media\/4514"}],"wp:attachment":[{"href":"https:\/\/chemicalstore.ee\/ru\/wp-json\/wp\/v2\/media?parent=4513"}],"wp:term":[{"taxonomy":"product_brand","embeddable":true,"href":"https:\/\/chemicalstore.ee\/ru\/wp-json\/wp\/v2\/product_brand?post=4513"},{"taxonomy":"product_cat","embeddable":true,"href":"https:\/\/chemicalstore.ee\/ru\/wp-json\/wp\/v2\/product_cat?post=4513"},{"taxonomy":"product_tag","embeddable":true,"href":"https:\/\/chemicalstore.ee\/ru\/wp-json\/wp\/v2\/product_tag?post=4513"}],"curies":[{"name":"wp","href":"https:\/\/api.w.org\/{rel}","templated":true}]}}