{"id":4505,"date":"2024-10-02T13:13:53","date_gmt":"2024-10-02T13:13:53","guid":{"rendered":"https:\/\/chemicalstore.ee\/toode\/keraamilinekaitse-komplekb7-o2-base-f5-3d-finish-60ml\/"},"modified":"2024-10-02T13:14:00","modified_gmt":"2024-10-02T13:14:00","slug":"keraamilinekaitse-komplekb7-o2-base-f5-3d-finish-60ml","status":"publish","type":"product","link":"https:\/\/chemicalstore.ee\/ru\/toode\/keraamilinekaitse-komplekb7-o2-base-f5-3d-finish-60ml\/","title":{"rendered":"Keraamilinekaitse komplek,B7-O2 BASE + F5-3D FINISH &#8211; 60ml"},"content":{"rendered":"<p>Komplekt, mis koosneb kaitsekatetest FX Protect B7-O2 Base ja F5-3D Finish, mis kasutavad uuenduslikku tehnoloogiat, et pakkuda teie v\u00e4rvile k\u00f5rgeimat kaitsetaset. T\u00e4nu ainulaadsele nanoosakeste sisaldusele kaitsevad kaubam\u00e4rgi FX Protect kaitsekatted suurep\u00e4raselt v\u00e4rvipinda kriimustuste, UV-kiirguse, kahjulike ilmastikutingimuste ja ka agressiivsete kemikaalide h\u00e4vitava m\u00f5ju eest. FX Protect tagab, et v\u00e4ljat\u00f6\u00f6tatud kaitsekatted vastavad rangetele turun\u00f5uetele ja vastavad ka k\u00f5ige n\u00f5udlikumate klientide n\u00f5uetele.Kasutusvaldkonnad:V\u00e4rvitud pinnad,veljed,esituled,v\u00e4lisplastid<\/p>\n","protected":false},"excerpt":{"rendered":"<p>Fx Protect<\/p>\n","protected":false},"featured_media":4506,"comment_status":"closed","ping_status":"open","template":"","meta":{"_monsterinsights_skip_tracking":false,"_monsterinsights_sitenote_active":false,"_monsterinsights_sitenote_note":"","_monsterinsights_sitenote_category":0},"product_brand":[],"product_cat":[27],"product_tag":[],"class_list":{"0":"post-4505","1":"product","2":"type-product","3":"status-publish","4":"has-post-thumbnail","6":"product_cat-kaitseained","7":"pa_brand-fx-protect","8":"pa_kasutusotstarve-varvpinna-kaitse","9":"pa_omadused-see-torjub-vett-ja-mustust-ning-muudab-autode-pesemise-lihtsamaks-ja-meeldivamaks","10":"pa_uhiku-hind-1381-67e-l","12":"first","13":"onbackorder","14":"taxable","15":"shipping-taxable","16":"purchasable","17":"product-type-simple"},"_links":{"self":[{"href":"https:\/\/chemicalstore.ee\/ru\/wp-json\/wp\/v2\/product\/4505","targetHints":{"allow":["GET"]}}],"collection":[{"href":"https:\/\/chemicalstore.ee\/ru\/wp-json\/wp\/v2\/product"}],"about":[{"href":"https:\/\/chemicalstore.ee\/ru\/wp-json\/wp\/v2\/types\/product"}],"replies":[{"embeddable":true,"href":"https:\/\/chemicalstore.ee\/ru\/wp-json\/wp\/v2\/comments?post=4505"}],"wp:featuredmedia":[{"embeddable":true,"href":"https:\/\/chemicalstore.ee\/ru\/wp-json\/wp\/v2\/media\/4506"}],"wp:attachment":[{"href":"https:\/\/chemicalstore.ee\/ru\/wp-json\/wp\/v2\/media?parent=4505"}],"wp:term":[{"taxonomy":"product_brand","embeddable":true,"href":"https:\/\/chemicalstore.ee\/ru\/wp-json\/wp\/v2\/product_brand?post=4505"},{"taxonomy":"product_cat","embeddable":true,"href":"https:\/\/chemicalstore.ee\/ru\/wp-json\/wp\/v2\/product_cat?post=4505"},{"taxonomy":"product_tag","embeddable":true,"href":"https:\/\/chemicalstore.ee\/ru\/wp-json\/wp\/v2\/product_tag?post=4505"}],"curies":[{"name":"wp","href":"https:\/\/api.w.org\/{rel}","templated":true}]}}