{"id":4501,"date":"2024-10-02T13:13:53","date_gmt":"2024-10-02T13:13:53","guid":{"rendered":"https:\/\/chemicalstore.ee\/toode\/keraamilinekaitsehypernity-30ml\/"},"modified":"2024-10-02T13:13:59","modified_gmt":"2024-10-02T13:13:59","slug":"keraamilinekaitsehypernity-30ml","status":"publish","type":"product","link":"https:\/\/chemicalstore.ee\/ru\/toode\/keraamilinekaitsehypernity-30ml\/","title":{"rendered":"Keraamilinekaitse,HYPERNITY &#8211; 30ml"},"content":{"rendered":"<p>T\u00e4nu valitud keemilistele koostisainetele kaitseb FX Protect Hypernity SH Coating igap\u00e4evases kasutuses suurep\u00e4raselt v\u00e4rvipinda mikrokriimustuste, UV-kiirguse, kahjulike ilmastikutingimuste ja agressiivsete kemikaalide h\u00e4vitava m\u00f5ju eest.T\u00e4iustatud valem FX Protect Hypernity SH Coating pakub kauakestvat kaitset ja h\u00e4mmastavat visuaalset efekti \u2013 v\u00e4rviga klaasimine ja pinna siledus. See toob esile v\u00e4rvi s\u00fcgavuse ja maskeerib v\u00e4iksemad vead. Kattel on keskmisest paremad h\u00fcdrofoobsed omadused \u2013 see t\u00f5rjub vett ja mustust ning muudab autode pesemise lihtsamaks ja meeldivamaks.Kasutusvaldkonnad:V\u00e4rvitud pinnad,esituled,v\u00e4rvimata v\u00e4lisplastid,v\u00e4rvusetud kaitsekiled(ppf).1 \u00d7 FX Protect Evolution Coating 9H keraamiline kate 30ml,1 \u00d7 FX Protect Block aplikaator,2 \u00d7 FX Protect \u00e4\u00e4risteta veluurriie.<\/p>\n","protected":false},"excerpt":{"rendered":"<p>Fx Protect<\/p>\n","protected":false},"featured_media":4502,"comment_status":"closed","ping_status":"open","template":"","meta":{"_monsterinsights_skip_tracking":false,"_monsterinsights_sitenote_active":false,"_monsterinsights_sitenote_note":"","_monsterinsights_sitenote_category":0},"product_brand":[],"product_cat":[27],"product_tag":[],"class_list":{"0":"post-4501","1":"product","2":"type-product","3":"status-publish","4":"has-post-thumbnail","6":"product_cat-kaitseained","7":"pa_brand-fx-protect","8":"pa_kasutusotstarve-varvpinna-kaitse","9":"pa_omadused-see-torjub-vett-ja-mustust-ning-muudab-autode-pesemise-lihtsamaks-ja-meeldivamaks","10":"pa_uhiku-hind-4330-00e-l","12":"first","13":"onbackorder","14":"taxable","15":"shipping-taxable","16":"purchasable","17":"product-type-simple"},"_links":{"self":[{"href":"https:\/\/chemicalstore.ee\/ru\/wp-json\/wp\/v2\/product\/4501","targetHints":{"allow":["GET"]}}],"collection":[{"href":"https:\/\/chemicalstore.ee\/ru\/wp-json\/wp\/v2\/product"}],"about":[{"href":"https:\/\/chemicalstore.ee\/ru\/wp-json\/wp\/v2\/types\/product"}],"replies":[{"embeddable":true,"href":"https:\/\/chemicalstore.ee\/ru\/wp-json\/wp\/v2\/comments?post=4501"}],"wp:featuredmedia":[{"embeddable":true,"href":"https:\/\/chemicalstore.ee\/ru\/wp-json\/wp\/v2\/media\/4502"}],"wp:attachment":[{"href":"https:\/\/chemicalstore.ee\/ru\/wp-json\/wp\/v2\/media?parent=4501"}],"wp:term":[{"taxonomy":"product_brand","embeddable":true,"href":"https:\/\/chemicalstore.ee\/ru\/wp-json\/wp\/v2\/product_brand?post=4501"},{"taxonomy":"product_cat","embeddable":true,"href":"https:\/\/chemicalstore.ee\/ru\/wp-json\/wp\/v2\/product_cat?post=4501"},{"taxonomy":"product_tag","embeddable":true,"href":"https:\/\/chemicalstore.ee\/ru\/wp-json\/wp\/v2\/product_tag?post=4501"}],"curies":[{"name":"wp","href":"https:\/\/api.w.org\/{rel}","templated":true}]}}