{"id":4491,"date":"2024-10-02T13:13:53","date_gmt":"2024-10-02T13:13:53","guid":{"rendered":"https:\/\/chemicalstore.ee\/toode\/keraamilinekaitseevolution-9-h-30ml\/"},"modified":"2024-10-02T13:13:58","modified_gmt":"2024-10-02T13:13:58","slug":"keraamilinekaitseevolution-9-h-30ml","status":"publish","type":"product","link":"https:\/\/chemicalstore.ee\/ru\/toode\/keraamilinekaitseevolution-9-h-30ml\/","title":{"rendered":"Keraamilinekaitse,EVOLUTION 9-H &#8211; 30ml"},"content":{"rendered":"<p>T\u00e4nu valitud keemilistele koostisainetele kaitseb FX Protect Evolution Coating 9H igap\u00e4evasel kasutamisel suurep\u00e4raselt v\u00e4rvipinda mikrokriimustuste, UV-kiirguse, kahjulike ilmastikutingimuste ja agressiivsete kemikaalide h\u00e4vitava m\u00f5ju eest.FX Protect Evolution Coating 9H t\u00e4iustatud valem tagab kauakestva kaitse ja h\u00e4mmastava visuaalse efekti \u2013 v\u00e4rviklaasi ja pinna siledust. See toob esile v\u00e4rvi s\u00fcgavuse ja maskeerib v\u00e4iksemad vead. Kattel on keskmisest paremad h\u00fcdrofoobsed omadused \u2013 FX Protect Evolution Coating 9H t\u00f5rjub vett ja mustust ning muudab autode pesemise lihtsamaks ja meeldivamaks.Kasutusvaldkonnad:V\u00e4rvitud pinnad,esituled,v\u00e4rvimata v\u00e4lisplastid,v\u00e4rvusetud kaitsekiled(ppf).25 &#8211; 30 ml \/ 1 auto.Pakendi sisaldus:1\u00d7 FX Protect Evolution Coating 9H keraamiline kate 30ml,1 \u00d7 FX Protect Block aplikaator,2 \u00d7 FX Protect \u00e4\u00e4risteta veluurriie.<\/p>\n","protected":false},"excerpt":{"rendered":"<p>Fx Protect<\/p>\n","protected":false},"featured_media":4492,"comment_status":"closed","ping_status":"open","template":"","meta":{"_monsterinsights_skip_tracking":false,"_monsterinsights_sitenote_active":false,"_monsterinsights_sitenote_note":"","_monsterinsights_sitenote_category":0},"product_brand":[],"product_cat":[27],"product_tag":[],"class_list":{"0":"post-4491","1":"product","2":"type-product","3":"status-publish","4":"has-post-thumbnail","6":"product_cat-kaitseained","7":"pa_brand-fx-protect","8":"pa_kasutusotstarve-varvpinna-kaitse","9":"pa_omadused-kaitseb-igapaevases-kasutuses-suureparaselt-varvipinda-mikrokriimustuste-uv-kiirguse-kahjulike-ilmastikutingimuste-ja-agressiivsete-kemikaalide-havitava-moju-eest","10":"pa_uhiku-hind-2996-67e-l","12":"first","13":"onbackorder","14":"taxable","15":"shipping-taxable","16":"purchasable","17":"product-type-simple"},"_links":{"self":[{"href":"https:\/\/chemicalstore.ee\/ru\/wp-json\/wp\/v2\/product\/4491","targetHints":{"allow":["GET"]}}],"collection":[{"href":"https:\/\/chemicalstore.ee\/ru\/wp-json\/wp\/v2\/product"}],"about":[{"href":"https:\/\/chemicalstore.ee\/ru\/wp-json\/wp\/v2\/types\/product"}],"replies":[{"embeddable":true,"href":"https:\/\/chemicalstore.ee\/ru\/wp-json\/wp\/v2\/comments?post=4491"}],"wp:featuredmedia":[{"embeddable":true,"href":"https:\/\/chemicalstore.ee\/ru\/wp-json\/wp\/v2\/media\/4492"}],"wp:attachment":[{"href":"https:\/\/chemicalstore.ee\/ru\/wp-json\/wp\/v2\/media?parent=4491"}],"wp:term":[{"taxonomy":"product_brand","embeddable":true,"href":"https:\/\/chemicalstore.ee\/ru\/wp-json\/wp\/v2\/product_brand?post=4491"},{"taxonomy":"product_cat","embeddable":true,"href":"https:\/\/chemicalstore.ee\/ru\/wp-json\/wp\/v2\/product_cat?post=4491"},{"taxonomy":"product_tag","embeddable":true,"href":"https:\/\/chemicalstore.ee\/ru\/wp-json\/wp\/v2\/product_tag?post=4491"}],"curies":[{"name":"wp","href":"https:\/\/api.w.org\/{rel}","templated":true}]}}