{"id":4487,"date":"2024-11-16T14:29:07","date_gmt":"2024-11-16T14:29:07","guid":{"rendered":"https:\/\/chemicalstore.ee\/toode\/keraamilinekaitsegloss-s-4h-30ml\/"},"modified":"2025-09-24T09:55:52","modified_gmt":"2025-09-24T09:55:52","slug":"kaitseainerelo-g-graphene-detailer-150ml","status":"publish","type":"product","link":"https:\/\/chemicalstore.ee\/ru\/toode\/kaitseainerelo-g-graphene-detailer-150ml\/","title":{"rendered":"Kaitseaine,RELO-G Graphene Detailer &#8211; 150ml"},"content":{"rendered":"<p>Pol\u00fcmeerip\u00f5hine kaitsekate t\u00e4iustatud Graphene Polymer tehnoloogiaga. V\u00f5ib kasutada olemasolevate kaitsekihtide peal v\u00f5i eraldiseisva kaitsena.Katte omadused:Superh\u00fcdrofoobne,rikastatud grafeeniga,kiire ja lihtne t\u00f6\u00f6tlemine,kestvus kuni 6 kuud.Sobib k\u00f5ikide katete hooldamiseks,saab kasutada eraldiseisva kaitsena,kaitseb UV-kiirte eest,parandab v\u00e4rvik\u00fcllastust,t\u00e4idab v\u00e4ikesed kriimud,parandab libisemisomadusi,kaitseb saaste ja kahjulike ilmastikum\u00f5jude eest.Kasutusvaldkonnad:V\u00e4rvitud pinnad(kere, veljed, plastikud),v\u00e4rvimata v\u00e4lisplastid,vin\u00fc\u00fclpinnad,kummist pinnad,esituled,PPF (l\u00e4ikiv\/matt)<\/p>\n","protected":false},"excerpt":{"rendered":"<p>Fx Protect<\/p>\n","protected":false},"featured_media":4498,"comment_status":"closed","ping_status":"open","template":"","meta":{"_monsterinsights_skip_tracking":false,"_monsterinsights_sitenote_active":false,"_monsterinsights_sitenote_note":"","_monsterinsights_sitenote_category":0},"product_brand":[],"product_cat":[27],"product_tag":[],"class_list":{"0":"post-4487","1":"product","2":"type-product","3":"status-publish","4":"has-post-thumbnail","6":"product_cat-kaitseained","7":"pa_brand-fx-protect","8":"pa_kasutusotstarve-varvpinna-kaitse","9":"pa_omadused-superhudrofoobne","10":"pa_uhiku-hind-152-67e-l","12":"first","13":"onbackorder","14":"taxable","15":"shipping-taxable","16":"purchasable","17":"product-type-simple"},"_links":{"self":[{"href":"https:\/\/chemicalstore.ee\/ru\/wp-json\/wp\/v2\/product\/4487","targetHints":{"allow":["GET"]}}],"collection":[{"href":"https:\/\/chemicalstore.ee\/ru\/wp-json\/wp\/v2\/product"}],"about":[{"href":"https:\/\/chemicalstore.ee\/ru\/wp-json\/wp\/v2\/types\/product"}],"replies":[{"embeddable":true,"href":"https:\/\/chemicalstore.ee\/ru\/wp-json\/wp\/v2\/comments?post=4487"}],"wp:featuredmedia":[{"embeddable":true,"href":"https:\/\/chemicalstore.ee\/ru\/wp-json\/wp\/v2\/media\/4498"}],"wp:attachment":[{"href":"https:\/\/chemicalstore.ee\/ru\/wp-json\/wp\/v2\/media?parent=4487"}],"wp:term":[{"taxonomy":"product_brand","embeddable":true,"href":"https:\/\/chemicalstore.ee\/ru\/wp-json\/wp\/v2\/product_brand?post=4487"},{"taxonomy":"product_cat","embeddable":true,"href":"https:\/\/chemicalstore.ee\/ru\/wp-json\/wp\/v2\/product_cat?post=4487"},{"taxonomy":"product_tag","embeddable":true,"href":"https:\/\/chemicalstore.ee\/ru\/wp-json\/wp\/v2\/product_tag?post=4487"}],"curies":[{"name":"wp","href":"https:\/\/api.w.org\/{rel}","templated":true}]}}