{"id":4483,"date":"2024-10-02T13:13:53","date_gmt":"2024-10-02T13:13:53","guid":{"rendered":"https:\/\/chemicalstore.ee\/toode\/keraamilinekaitsegloss-s-4h-15ml\/"},"modified":"2024-10-02T13:13:57","modified_gmt":"2024-10-02T13:13:57","slug":"keraamilinekaitsegloss-s-4h-15ml","status":"publish","type":"product","link":"https:\/\/chemicalstore.ee\/ru\/toode\/keraamilinekaitsegloss-s-4h-15ml\/","title":{"rendered":"Keraamilinekaitse,GLOSS S-4H &#8211; 15ml"},"content":{"rendered":"<p>T\u00e4nu ainulaadsele nanoosakeste sisaldusele kaitseb FX Protect Gloss S-4H igap\u00e4evases kasutuses suurep\u00e4raselt v\u00e4rvipinda mikrokriimustuste, UV-kiirguse, kahjulike ilmastikutingimuste ja agressiivsete kemikaalide h\u00e4vitava m\u00f5ju eest. V\u00e4rvile kantud kaitsekate moodustab \u00e4\u00e4rmiselt painduva (membraani) kaitsebarj\u00e4\u00e4ri. T\u00e4nu nendele omadustele ei pragune FX Protect Glass Coating S-4H p\u00e4rast mikrokokkut\u00f5mbumist ja paisumist. Kattel on suurep\u00e4rased h\u00fcdrofoobsed omadused \u2013 see t\u00f5rjub vett ja mustust. Lisaks saad luua v\u00e4rvipinnale h\u00e4mmastava klaasiefekti ning muuta autopesu lihtsamaks ja nauditavamaks.Kasutusvaldkonnad:V\u00e4rvitud pinnad,kroomitud pinnad,esituled,v\u00e4rvimata v\u00e4lisplastid,v\u00e4rvusetud kaitsekiled(ppf).15-30ml \/ 1 auto<\/p>\n","protected":false},"excerpt":{"rendered":"<p>Fx Protect<\/p>\n","protected":false},"featured_media":4484,"comment_status":"closed","ping_status":"open","template":"","meta":{"_monsterinsights_skip_tracking":false,"_monsterinsights_sitenote_active":false,"_monsterinsights_sitenote_note":"","_monsterinsights_sitenote_category":0},"product_brand":[],"product_cat":[27],"product_tag":[],"class_list":{"0":"post-4483","1":"product","2":"type-product","3":"status-publish","4":"has-post-thumbnail","6":"product_cat-kaitseained","7":"pa_brand-fx-protect","8":"pa_kasutusotstarve-varvpinna-kaitse","9":"pa_omadused-kaitseb-igapaevases-kasutuses-suureparaselt-varvipinda-mikrokriimustuste-uv-kiirguse-kahjulike-ilmastikutingimuste-ja-agressiivsete-kemikaalide-havitava-moju-eest","10":"pa_uhiku-hind-3460-00e-l","12":"first","13":"onbackorder","14":"taxable","15":"shipping-taxable","16":"purchasable","17":"product-type-simple"},"_links":{"self":[{"href":"https:\/\/chemicalstore.ee\/ru\/wp-json\/wp\/v2\/product\/4483","targetHints":{"allow":["GET"]}}],"collection":[{"href":"https:\/\/chemicalstore.ee\/ru\/wp-json\/wp\/v2\/product"}],"about":[{"href":"https:\/\/chemicalstore.ee\/ru\/wp-json\/wp\/v2\/types\/product"}],"replies":[{"embeddable":true,"href":"https:\/\/chemicalstore.ee\/ru\/wp-json\/wp\/v2\/comments?post=4483"}],"wp:featuredmedia":[{"embeddable":true,"href":"https:\/\/chemicalstore.ee\/ru\/wp-json\/wp\/v2\/media\/4484"}],"wp:attachment":[{"href":"https:\/\/chemicalstore.ee\/ru\/wp-json\/wp\/v2\/media?parent=4483"}],"wp:term":[{"taxonomy":"product_brand","embeddable":true,"href":"https:\/\/chemicalstore.ee\/ru\/wp-json\/wp\/v2\/product_brand?post=4483"},{"taxonomy":"product_cat","embeddable":true,"href":"https:\/\/chemicalstore.ee\/ru\/wp-json\/wp\/v2\/product_cat?post=4483"},{"taxonomy":"product_tag","embeddable":true,"href":"https:\/\/chemicalstore.ee\/ru\/wp-json\/wp\/v2\/product_tag?post=4483"}],"curies":[{"name":"wp","href":"https:\/\/api.w.org\/{rel}","templated":true}]}}