{"id":4479,"date":"2024-10-02T13:13:53","date_gmt":"2024-10-02T13:13:53","guid":{"rendered":"https:\/\/chemicalstore.ee\/toode\/keraamilinekaitsevision-c-12-100ml\/"},"modified":"2024-10-02T13:13:56","modified_gmt":"2024-10-02T13:13:56","slug":"keraamilinekaitsevision-c-12-100ml","status":"publish","type":"product","link":"https:\/\/chemicalstore.ee\/ru\/toode\/keraamilinekaitsevision-c-12-100ml\/","title":{"rendered":"Keraamilinekaitse,VISION C-12 &#8211; 100ml"},"content":{"rendered":"<p>Revolutsiooniline kaitsekate FX Protect Vision Coating C-12 kaitseb suurep\u00e4raselt s\u00f5iduki v\u00e4rvitud pinda mikrokriimustuste, UV-kiirguse, kahjulike ilmastikutingimuste ja agressiivsete kemikaalide h\u00e4vitava m\u00f5ju eest igap\u00e4evases kasutuses.FX Protect Vision Coating C-12 t\u00e4iustatud valem v\u00f5imaldab saavutada h\u00e4mmastava klaasiefekti ja sileda pinna. Toode toob esile v\u00e4rvkatte v\u00e4rvis\u00fcgavuse ning t\u00f5rjub suurep\u00e4raselt vett ja mustust, muutes s\u00f5iduki pesemise lihtsamaks ja meeldivamaks.Kasutusvaldkonnad:V\u00e4rvitud pinnad,esituled,v\u00e4rvimata v\u00e4lisplastid,v\u00e4rvusetud kaitsekiled(ppf).Kulu u.20 &#8211; 30 ml \/ 1 auto.<\/p>\n","protected":false},"excerpt":{"rendered":"<p>Fx Protect<\/p>\n","protected":false},"featured_media":4480,"comment_status":"closed","ping_status":"open","template":"","meta":{"_monsterinsights_skip_tracking":false,"_monsterinsights_sitenote_active":false,"_monsterinsights_sitenote_note":"","_monsterinsights_sitenote_category":0},"product_brand":[],"product_cat":[27],"product_tag":[],"class_list":{"0":"post-4479","1":"product","2":"type-product","3":"status-publish","4":"has-post-thumbnail","6":"product_cat-kaitseained","7":"pa_brand-fx-protect","8":"pa_kasutusotstarve-varvpinna-kaitse","9":"pa_omadused-voimaldab-saavutada-hammastava-klaasiefekti-ja-sileda-pinna","10":"pa_uhiku-hind-579-00e-l","12":"first","13":"onbackorder","14":"taxable","15":"shipping-taxable","16":"purchasable","17":"product-type-simple"},"_links":{"self":[{"href":"https:\/\/chemicalstore.ee\/ru\/wp-json\/wp\/v2\/product\/4479","targetHints":{"allow":["GET"]}}],"collection":[{"href":"https:\/\/chemicalstore.ee\/ru\/wp-json\/wp\/v2\/product"}],"about":[{"href":"https:\/\/chemicalstore.ee\/ru\/wp-json\/wp\/v2\/types\/product"}],"replies":[{"embeddable":true,"href":"https:\/\/chemicalstore.ee\/ru\/wp-json\/wp\/v2\/comments?post=4479"}],"wp:featuredmedia":[{"embeddable":true,"href":"https:\/\/chemicalstore.ee\/ru\/wp-json\/wp\/v2\/media\/4480"}],"wp:attachment":[{"href":"https:\/\/chemicalstore.ee\/ru\/wp-json\/wp\/v2\/media?parent=4479"}],"wp:term":[{"taxonomy":"product_brand","embeddable":true,"href":"https:\/\/chemicalstore.ee\/ru\/wp-json\/wp\/v2\/product_brand?post=4479"},{"taxonomy":"product_cat","embeddable":true,"href":"https:\/\/chemicalstore.ee\/ru\/wp-json\/wp\/v2\/product_cat?post=4479"},{"taxonomy":"product_tag","embeddable":true,"href":"https:\/\/chemicalstore.ee\/ru\/wp-json\/wp\/v2\/product_tag?post=4479"}],"curies":[{"name":"wp","href":"https:\/\/api.w.org\/{rel}","templated":true}]}}