{"id":4464,"date":"2024-10-02T13:13:53","date_gmt":"2024-10-02T13:13:53","guid":{"rendered":"https:\/\/chemicalstore.ee\/toode\/velje-keraamilinekaitsewheel-armour-b-1-15ml\/"},"modified":"2024-10-02T13:13:55","modified_gmt":"2024-10-02T13:13:55","slug":"velje-keraamilinekaitsewheel-armour-b-1-15ml","status":"publish","type":"product","link":"https:\/\/chemicalstore.ee\/ru\/toode\/velje-keraamilinekaitsewheel-armour-b-1-15ml\/","title":{"rendered":"Velje keraamilinekaitse,WHEEL ARMOUR B-1 &#8211; 15ml"},"content":{"rendered":"<p>FX Protect Wheel Armor B1 loob s\u00f5iduki velgedele n\u00e4htamatu p\u00fcsiva kaitsekihi. Sile pind t\u00f5rjub t\u00f5husalt igasugust mustust ning muudab pesemise ja pideva hoolduse lihtsamaks. Enimlevinud mustuse saab puhastada veejoa v\u00f5i &#8220;leebe&#8221; veljepuhastusvahendiga.Kasutusvaldkonnad:Valuveljed,v\u00e4rvitud veljed,kroomitud veljed,poleeritud veljed,v\u00e4ljalaskes\u00fcsteemid.T\u00f5husus: 15 ml \/ 1 komplekt 21&#8243; velgi.<\/p>\n","protected":false},"excerpt":{"rendered":"<p>Fx Protect<\/p>\n","protected":false},"featured_media":4465,"comment_status":"closed","ping_status":"open","template":"","meta":{"_monsterinsights_skip_tracking":false,"_monsterinsights_sitenote_active":false,"_monsterinsights_sitenote_note":"","_monsterinsights_sitenote_category":0},"product_brand":[],"product_cat":[27],"product_tag":[],"class_list":{"0":"post-4464","1":"product","2":"type-product","3":"status-publish","4":"has-post-thumbnail","6":"product_cat-kaitseained","7":"pa_brand-fx-protect","8":"pa_kasutusotstarve-velgede-kaitse","9":"pa_omadused-loob-soiduki-velgedele-nahtamatu-pusiva-kaitsekihi","10":"pa_uhiku-hind-1593-33e-l","12":"first","13":"onbackorder","14":"taxable","15":"shipping-taxable","16":"purchasable","17":"product-type-simple"},"_links":{"self":[{"href":"https:\/\/chemicalstore.ee\/ru\/wp-json\/wp\/v2\/product\/4464","targetHints":{"allow":["GET"]}}],"collection":[{"href":"https:\/\/chemicalstore.ee\/ru\/wp-json\/wp\/v2\/product"}],"about":[{"href":"https:\/\/chemicalstore.ee\/ru\/wp-json\/wp\/v2\/types\/product"}],"replies":[{"embeddable":true,"href":"https:\/\/chemicalstore.ee\/ru\/wp-json\/wp\/v2\/comments?post=4464"}],"wp:featuredmedia":[{"embeddable":true,"href":"https:\/\/chemicalstore.ee\/ru\/wp-json\/wp\/v2\/media\/4465"}],"wp:attachment":[{"href":"https:\/\/chemicalstore.ee\/ru\/wp-json\/wp\/v2\/media?parent=4464"}],"wp:term":[{"taxonomy":"product_brand","embeddable":true,"href":"https:\/\/chemicalstore.ee\/ru\/wp-json\/wp\/v2\/product_brand?post=4464"},{"taxonomy":"product_cat","embeddable":true,"href":"https:\/\/chemicalstore.ee\/ru\/wp-json\/wp\/v2\/product_cat?post=4464"},{"taxonomy":"product_tag","embeddable":true,"href":"https:\/\/chemicalstore.ee\/ru\/wp-json\/wp\/v2\/product_tag?post=4464"}],"curies":[{"name":"wp","href":"https:\/\/api.w.org\/{rel}","templated":true}]}}