{"id":4456,"date":"2024-10-02T13:13:34","date_gmt":"2024-10-02T13:13:34","guid":{"rendered":"https:\/\/chemicalstore.ee\/toode\/klaasi-keraamilinekaitsespectral-z-2-30ml\/"},"modified":"2024-10-02T13:13:46","modified_gmt":"2024-10-02T13:13:46","slug":"klaasi-keraamilinekaitsespectral-z-2-30ml","status":"publish","type":"product","link":"https:\/\/chemicalstore.ee\/ru\/toode\/klaasi-keraamilinekaitsespectral-z-2-30ml\/","title":{"rendered":"Klaasi keraamilinekaitse,SPECTRAL Z-2 &#8211; 30ml"},"content":{"rendered":"<p>FX Protect Spectral Rain Coating Z-2 on midagi enamat kui lihtsalt klaasi kaitseaine \u2013 see on n\u00e4htamatu kaitsekilp k\u00f5ikide ilmastikutingimuste jaoks. Kolme s\u00f5naga v\u00f5ib seda kirjeldada kui vastupidavust, t\u00f5husust ja kiiret pealekandmist.Ohutus on s\u00f5itmisel esmat\u00e4htis. Spectral Rain Coating parandab t\u00e4nu suurep\u00e4rasele vetth\u00fclgavusele m\u00e4rgatavalt n\u00e4htavust vihmaga s\u00f5ites. Isepuhastuv toime algab kiirusel 45 km\/h! Peamiste saasteainetevaba Spectral Rain Coating suurendab s\u00f5idumugavust olenemata ilmastikutingimustest.Spectral Rain Coatingi pealekandmine on uskumatult lihtne ja kiire. Lihtsalt kandke kiht eelnevalt puhastatud ja poleeritud klaasile ning p\u00fchkige \u00fclej\u00e4\u00e4k maha mikrokiudlapiga, et nautida selle silmapaistvaid omadusi. L\u00f5puks pakub n\u00e4htamatu kile korraliku hoolduse korral kuni kaks aastat kaitset.N\u00e4pun\u00e4ide:Optimaalsete tulemuste ja pikaealisuse saavutamiseks soovitame toodet kanda puhtale ja kuivale pinnale ning seda regulaarselt hooldada.<\/p>\n","protected":false},"excerpt":{"rendered":"<p>Fx Protect<\/p>\n","protected":false},"featured_media":4457,"comment_status":"closed","ping_status":"open","template":"","meta":{"_monsterinsights_skip_tracking":false,"_monsterinsights_sitenote_active":false,"_monsterinsights_sitenote_note":"","_monsterinsights_sitenote_category":0},"product_brand":[],"product_cat":[27],"product_tag":[],"class_list":{"0":"post-4456","1":"product","2":"type-product","3":"status-publish","4":"has-post-thumbnail","6":"product_cat-kaitseained","7":"pa_brand-fx-protect","8":"pa_kasutusotstarve-klaasi-kaitse","9":"pa_omadused-loob-klaaspindadele-vastupidava-kaitsekatte","10":"pa_uhiku-hind-1163-33e-l","12":"first","13":"onbackorder","14":"taxable","15":"shipping-taxable","16":"purchasable","17":"product-type-simple"},"_links":{"self":[{"href":"https:\/\/chemicalstore.ee\/ru\/wp-json\/wp\/v2\/product\/4456","targetHints":{"allow":["GET"]}}],"collection":[{"href":"https:\/\/chemicalstore.ee\/ru\/wp-json\/wp\/v2\/product"}],"about":[{"href":"https:\/\/chemicalstore.ee\/ru\/wp-json\/wp\/v2\/types\/product"}],"replies":[{"embeddable":true,"href":"https:\/\/chemicalstore.ee\/ru\/wp-json\/wp\/v2\/comments?post=4456"}],"wp:featuredmedia":[{"embeddable":true,"href":"https:\/\/chemicalstore.ee\/ru\/wp-json\/wp\/v2\/media\/4457"}],"wp:attachment":[{"href":"https:\/\/chemicalstore.ee\/ru\/wp-json\/wp\/v2\/media?parent=4456"}],"wp:term":[{"taxonomy":"product_brand","embeddable":true,"href":"https:\/\/chemicalstore.ee\/ru\/wp-json\/wp\/v2\/product_brand?post=4456"},{"taxonomy":"product_cat","embeddable":true,"href":"https:\/\/chemicalstore.ee\/ru\/wp-json\/wp\/v2\/product_cat?post=4456"},{"taxonomy":"product_tag","embeddable":true,"href":"https:\/\/chemicalstore.ee\/ru\/wp-json\/wp\/v2\/product_tag?post=4456"}],"curies":[{"name":"wp","href":"https:\/\/api.w.org\/{rel}","templated":true}]}}