{"id":4452,"date":"2024-10-02T13:13:34","date_gmt":"2024-10-02T13:13:34","guid":{"rendered":"https:\/\/chemicalstore.ee\/toode\/klaasi-keraamilinekaitserain-shield-z-1-30ml\/"},"modified":"2024-10-02T13:13:45","modified_gmt":"2024-10-02T13:13:45","slug":"klaasi-keraamilinekaitserain-shield-z-1-30ml","status":"publish","type":"product","link":"https:\/\/chemicalstore.ee\/ru\/toode\/klaasi-keraamilinekaitserain-shield-z-1-30ml\/","title":{"rendered":"Klaasi keraamilinekaitse,RAIN SHIELD Z-1 &#8211; 30ml"},"content":{"rendered":"<p>RAIN SHIELD on h\u00fcdrofoobne kate autoklaaside pinnale kandmiseks. Loob klaaspindadele vastupidava kaitsekatte. See v\u00f5imaldab suurendada s\u00f5idumugavust, t\u00e4iustades akende optikat, minimeerib vee ja mustuse ladestumist klaaspindadele ning parandab n\u00e4htavust s\u00f5idu ajal. Lisaks v\u00e4hendab see tuuleklaasi pinna kahjustamise ohtu, muutes klaasipuhasti t\u00f6\u00f6 lihtsamaks.<\/p>\n","protected":false},"excerpt":{"rendered":"<p>Fx Protect<\/p>\n","protected":false},"featured_media":4453,"comment_status":"closed","ping_status":"open","template":"","meta":{"_monsterinsights_skip_tracking":false,"_monsterinsights_sitenote_active":false,"_monsterinsights_sitenote_note":"","_monsterinsights_sitenote_category":0},"product_brand":[],"product_cat":[27],"product_tag":[],"class_list":{"0":"post-4452","1":"product","2":"type-product","3":"status-publish","4":"has-post-thumbnail","6":"product_cat-kaitseained","7":"pa_brand-fx-protect","8":"pa_kasutusotstarve-klaasi-kaitse","9":"pa_omadused-loob-klaaspindadele-vastupidava-kaitsekatte","10":"pa_uhiku-hind-896-67e-l","12":"first","13":"onbackorder","14":"taxable","15":"shipping-taxable","16":"purchasable","17":"product-type-simple"},"_links":{"self":[{"href":"https:\/\/chemicalstore.ee\/ru\/wp-json\/wp\/v2\/product\/4452","targetHints":{"allow":["GET"]}}],"collection":[{"href":"https:\/\/chemicalstore.ee\/ru\/wp-json\/wp\/v2\/product"}],"about":[{"href":"https:\/\/chemicalstore.ee\/ru\/wp-json\/wp\/v2\/types\/product"}],"replies":[{"embeddable":true,"href":"https:\/\/chemicalstore.ee\/ru\/wp-json\/wp\/v2\/comments?post=4452"}],"wp:featuredmedia":[{"embeddable":true,"href":"https:\/\/chemicalstore.ee\/ru\/wp-json\/wp\/v2\/media\/4453"}],"wp:attachment":[{"href":"https:\/\/chemicalstore.ee\/ru\/wp-json\/wp\/v2\/media?parent=4452"}],"wp:term":[{"taxonomy":"product_brand","embeddable":true,"href":"https:\/\/chemicalstore.ee\/ru\/wp-json\/wp\/v2\/product_brand?post=4452"},{"taxonomy":"product_cat","embeddable":true,"href":"https:\/\/chemicalstore.ee\/ru\/wp-json\/wp\/v2\/product_cat?post=4452"},{"taxonomy":"product_tag","embeddable":true,"href":"https:\/\/chemicalstore.ee\/ru\/wp-json\/wp\/v2\/product_tag?post=4452"}],"curies":[{"name":"wp","href":"https:\/\/api.w.org\/{rel}","templated":true}]}}