{"id":4444,"date":"2024-10-02T13:13:34","date_gmt":"2024-10-02T13:13:34","guid":{"rendered":"https:\/\/chemicalstore.ee\/toode\/kaitseainetop-ch-3-150ml\/"},"modified":"2024-10-02T13:13:44","modified_gmt":"2024-10-02T13:13:44","slug":"kaitseainetop-ch-3-150ml","status":"publish","type":"product","link":"https:\/\/chemicalstore.ee\/ru\/toode\/kaitseainetop-ch-3-150ml\/","title":{"rendered":"Kaitseaine,TOP CH-3 &#8211; 150ml"},"content":{"rendered":"<p>Toote t\u00e4iustatud koostis muudab FX Protect Top Coatingi CH-3 laialdaselt kasutatavaks. T\u00e4nu valitud koostisosadele on v\u00e4rvi s\u00fcgavus suurep\u00e4raselt esile t\u00f5stetud ja saavutatakse h\u00e4mmastav visuaalne efekt. FX Protect Top Coating CH-3 suurendab oluliselt pinna h\u00fcdrofoobsust, mis aitab kaasa vett ja mustust h\u00fclgavale ning kaitseb autokeret veeplekkide eest.FX Protect pealiskate CH-3 on spetsiaalselt ette n\u00e4htud kasutamiseks FX Protecti kaitsekatete peal.Regulaarne kasutamine pikendab pealekantud hermeetiku eluiga.Kasutusvaldkonnad:V\u00e4rvitud pinnad,esituled,v\u00e4rvimata v\u00e4lisplastid,v\u00e4rvusetud kaitsekiled<\/p>\n","protected":false},"excerpt":{"rendered":"<p>Fx Protect<\/p>\n","protected":false},"featured_media":4445,"comment_status":"closed","ping_status":"open","template":"","meta":{"_monsterinsights_skip_tracking":false,"_monsterinsights_sitenote_active":false,"_monsterinsights_sitenote_note":"","_monsterinsights_sitenote_category":0},"product_brand":[],"product_cat":[27],"product_tag":[],"class_list":{"0":"post-4444","1":"product","2":"type-product","3":"status-publish","4":"has-post-thumbnail","6":"product_cat-kaitseained","7":"pa_brand-fx-protect","8":"pa_kasutusotstarve-varvipinna-kaitse","9":"pa_omadused-suurendab-oluliselt-pinna-hudrofoobsust","10":"pa_uhiku-hind-146-00e-l","12":"first","13":"onbackorder","14":"taxable","15":"shipping-taxable","16":"purchasable","17":"product-type-simple"},"_links":{"self":[{"href":"https:\/\/chemicalstore.ee\/ru\/wp-json\/wp\/v2\/product\/4444","targetHints":{"allow":["GET"]}}],"collection":[{"href":"https:\/\/chemicalstore.ee\/ru\/wp-json\/wp\/v2\/product"}],"about":[{"href":"https:\/\/chemicalstore.ee\/ru\/wp-json\/wp\/v2\/types\/product"}],"replies":[{"embeddable":true,"href":"https:\/\/chemicalstore.ee\/ru\/wp-json\/wp\/v2\/comments?post=4444"}],"wp:featuredmedia":[{"embeddable":true,"href":"https:\/\/chemicalstore.ee\/ru\/wp-json\/wp\/v2\/media\/4445"}],"wp:attachment":[{"href":"https:\/\/chemicalstore.ee\/ru\/wp-json\/wp\/v2\/media?parent=4444"}],"wp:term":[{"taxonomy":"product_brand","embeddable":true,"href":"https:\/\/chemicalstore.ee\/ru\/wp-json\/wp\/v2\/product_brand?post=4444"},{"taxonomy":"product_cat","embeddable":true,"href":"https:\/\/chemicalstore.ee\/ru\/wp-json\/wp\/v2\/product_cat?post=4444"},{"taxonomy":"product_tag","embeddable":true,"href":"https:\/\/chemicalstore.ee\/ru\/wp-json\/wp\/v2\/product_tag?post=4444"}],"curies":[{"name":"wp","href":"https:\/\/api.w.org\/{rel}","templated":true}]}}