{"id":4436,"date":"2024-10-02T13:13:34","date_gmt":"2024-10-02T13:13:34","guid":{"rendered":"https:\/\/chemicalstore.ee\/toode\/tekstiilmaterjalide-kaitseainefabric-care-f-1-150ml\/"},"modified":"2024-10-02T13:13:43","modified_gmt":"2024-10-02T13:13:43","slug":"tekstiilmaterjalide-kaitseainefabric-care-f-1-150ml","status":"publish","type":"product","link":"https:\/\/chemicalstore.ee\/ru\/toode\/tekstiilmaterjalide-kaitseainefabric-care-f-1-150ml\/","title":{"rendered":"Tekstiilmaterjalide kaitseaine,FABRIC CARE F-1 &#8211; 150ml"},"content":{"rendered":"<p>FX Protect Fabric Care F-1 on m\u00f5eldud igasuguste tekstiilmaterjalide, kabriolettkatuste, aga ka nubuki, seemisnaha ja alkantara kaitsmiseks. Loob n\u00e4htamatu h\u00fcdrofoobse kaitsekihi, kaitseb mustuse, vee ja \u00f5liste ainete sissetungimise ning kahjuliku UV-kiirguse eest. T\u00e4nu ainulaadsele nanoosakeste sisaldusele tungib FABRIC CARE F-1 igasse materjali kiudu, muutmata materjali struktuuri. Loob t\u00e4ielikult \u00f5hku l\u00e4bilaskva valem. \u00c4\u00e4rmiselt h\u00f5lpsasti kasutatav valem, kui see on k\u00f5vastunud, on tervisele ja keskkonnale t\u00e4iesti ohutu. Olenevalt pealekandmisviisist ja ka kaitstud pindade kasutussagedusest m\u00e4\u00e4ratakse vastupidavus 6 kuni 12 kuud.<\/p>\n","protected":false},"excerpt":{"rendered":"<p>Fx Protect<\/p>\n","protected":false},"featured_media":4437,"comment_status":"closed","ping_status":"open","template":"","meta":{"_monsterinsights_skip_tracking":false,"_monsterinsights_sitenote_active":false,"_monsterinsights_sitenote_note":"","_monsterinsights_sitenote_category":0},"product_brand":[],"product_cat":[27],"product_tag":[],"class_list":{"0":"post-4436","1":"product","2":"type-product","3":"status-publish","4":"has-post-thumbnail","6":"product_cat-kaitseained","7":"pa_brand-fx-protect","8":"pa_kasutusotstarve-tekstiilmaterjalide-kaitse","9":"pa_omadused-loob-nahtamatu-hudrofoobse-kaitsekihi-kaitseb-mustuse-vee-ja-oliste-ainete-sissetungimise-ning-kahjuliku-uv-kiirguse-eest","10":"pa_uhiku-hind-126-00e-l","12":"first","13":"onbackorder","14":"taxable","15":"shipping-taxable","16":"purchasable","17":"product-type-simple"},"_links":{"self":[{"href":"https:\/\/chemicalstore.ee\/ru\/wp-json\/wp\/v2\/product\/4436","targetHints":{"allow":["GET"]}}],"collection":[{"href":"https:\/\/chemicalstore.ee\/ru\/wp-json\/wp\/v2\/product"}],"about":[{"href":"https:\/\/chemicalstore.ee\/ru\/wp-json\/wp\/v2\/types\/product"}],"replies":[{"embeddable":true,"href":"https:\/\/chemicalstore.ee\/ru\/wp-json\/wp\/v2\/comments?post=4436"}],"wp:featuredmedia":[{"embeddable":true,"href":"https:\/\/chemicalstore.ee\/ru\/wp-json\/wp\/v2\/media\/4437"}],"wp:attachment":[{"href":"https:\/\/chemicalstore.ee\/ru\/wp-json\/wp\/v2\/media?parent=4436"}],"wp:term":[{"taxonomy":"product_brand","embeddable":true,"href":"https:\/\/chemicalstore.ee\/ru\/wp-json\/wp\/v2\/product_brand?post=4436"},{"taxonomy":"product_cat","embeddable":true,"href":"https:\/\/chemicalstore.ee\/ru\/wp-json\/wp\/v2\/product_cat?post=4436"},{"taxonomy":"product_tag","embeddable":true,"href":"https:\/\/chemicalstore.ee\/ru\/wp-json\/wp\/v2\/product_tag?post=4436"}],"curies":[{"name":"wp","href":"https:\/\/api.w.org\/{rel}","templated":true}]}}