{"id":4432,"date":"2024-10-02T13:13:34","date_gmt":"2024-10-02T13:13:34","guid":{"rendered":"https:\/\/chemicalstore.ee\/toode\/nahkpolstri-kaitseaineleather-f-2-100ml\/"},"modified":"2024-10-02T13:13:42","modified_gmt":"2024-10-02T13:13:42","slug":"nahkpolstri-kaitseaineleather-f-2-100ml","status":"publish","type":"product","link":"https:\/\/chemicalstore.ee\/ru\/toode\/nahkpolstri-kaitseaineleather-f-2-100ml\/","title":{"rendered":"Nahkpolstri kaitseaine,LEATHER F-2 &#8211; 100ml"},"content":{"rendered":"<p>Kaitsevahend nahast istmete ja muude detailide t\u00f6\u00f6tlemiseks.Kaitseb nahka UV kiirguse ja sellest tuleneva pleekimise vastu.T\u00e4iesti v\u00e4rvitu &#8211; ei muuda naha tooni ega j\u00e4\u00e4 n\u00e4htav.T\u00e4nu oma h\u00fcdrofoobsusele kaitseb nahka m\u00e4\u00e4rdumise vastu.Sobib kasutamiseks nii naturaalsel kui kunstnahal.Lihtne kasutada. T\u00f5hus kaitse 5-8 kuuks.<\/p>\n","protected":false},"excerpt":{"rendered":"<p>Fx Protect<\/p>\n","protected":false},"featured_media":4433,"comment_status":"closed","ping_status":"open","template":"","meta":{"_monsterinsights_skip_tracking":false,"_monsterinsights_sitenote_active":false,"_monsterinsights_sitenote_note":"","_monsterinsights_sitenote_category":0},"product_brand":[],"product_cat":[27],"product_tag":[],"class_list":{"0":"post-4432","1":"product","2":"type-product","3":"status-publish","4":"has-post-thumbnail","6":"product_cat-kaitseained","7":"pa_brand-fx-protect","8":"pa_kasutusotstarve-nahkpolstri-kaitse","9":"pa_omadused-kaitseb-uv-kiirgusete-eest","10":"pa_uhiku-hind-219-00e-l","12":"first","13":"onbackorder","14":"taxable","15":"shipping-taxable","16":"purchasable","17":"product-type-simple"},"_links":{"self":[{"href":"https:\/\/chemicalstore.ee\/ru\/wp-json\/wp\/v2\/product\/4432","targetHints":{"allow":["GET"]}}],"collection":[{"href":"https:\/\/chemicalstore.ee\/ru\/wp-json\/wp\/v2\/product"}],"about":[{"href":"https:\/\/chemicalstore.ee\/ru\/wp-json\/wp\/v2\/types\/product"}],"replies":[{"embeddable":true,"href":"https:\/\/chemicalstore.ee\/ru\/wp-json\/wp\/v2\/comments?post=4432"}],"wp:featuredmedia":[{"embeddable":true,"href":"https:\/\/chemicalstore.ee\/ru\/wp-json\/wp\/v2\/media\/4433"}],"wp:attachment":[{"href":"https:\/\/chemicalstore.ee\/ru\/wp-json\/wp\/v2\/media?parent=4432"}],"wp:term":[{"taxonomy":"product_brand","embeddable":true,"href":"https:\/\/chemicalstore.ee\/ru\/wp-json\/wp\/v2\/product_brand?post=4432"},{"taxonomy":"product_cat","embeddable":true,"href":"https:\/\/chemicalstore.ee\/ru\/wp-json\/wp\/v2\/product_cat?post=4432"},{"taxonomy":"product_tag","embeddable":true,"href":"https:\/\/chemicalstore.ee\/ru\/wp-json\/wp\/v2\/product_tag?post=4432"}],"curies":[{"name":"wp","href":"https:\/\/api.w.org\/{rel}","templated":true}]}}