{"id":4416,"date":"2024-10-02T13:13:34","date_gmt":"2024-10-02T13:13:34","guid":{"rendered":"https:\/\/chemicalstore.ee\/toode\/poleerimispadimedium-cut-pad-green-fx-protect-3\/"},"modified":"2024-10-02T13:13:40","modified_gmt":"2024-10-02T13:13:40","slug":"poleerimispadimedium-cut-pad-green-fx-protect-3","status":"publish","type":"product","link":"https:\/\/chemicalstore.ee\/ru\/toode\/poleerimispadimedium-cut-pad-green-fx-protect-3\/","title":{"rendered":"Poleerimispadi,Medium Cut Pad \u2013 Green &#8211; Fx Protect"},"content":{"rendered":"<p>Avatud rakuga vaht tagab suurep\u00e4rase temperatuurijaotuse poleerimise ajal ja pideva k\u00f5rgetasemelise ventilatsiooni.K\u00e4sna t\u00f6\u00f6pinna serv on l\u00f5igatud 60\u00b0 nurga all, et stabiliseerida masina t\u00f6\u00f6d ja minimeerida padja kahjustamise ohtu.20 mm laiune tsentreerimisava v\u00f5imaldab padja \u00f5iget positsioneerimist masinal ja toetab padja lisajahutust.Kvaliteetne 280g\/m2 takjapaber tagab \u00fclitugeva \u00fchenduse poleerimismasina plaadiga.Trapetsikujuline kuju h\u00f5lbustab t\u00f6\u00f6d raskesti ligip\u00e4\u00e4setavates kohtades ja parandab t\u00f6\u00f6mugavust.M\u00f5eldud kasutamiseks DA masinatel.<\/p>\n","protected":false},"excerpt":{"rendered":"<p>Fx Protect<\/p>\n","protected":false},"featured_media":4417,"comment_status":"closed","ping_status":"open","template":"","meta":{"_monsterinsights_skip_tracking":false,"_monsterinsights_sitenote_active":false,"_monsterinsights_sitenote_note":"","_monsterinsights_sitenote_category":0},"product_brand":[],"product_cat":[86],"product_tag":[],"class_list":{"0":"post-4416","1":"product","2":"type-product","3":"status-publish","4":"has-post-thumbnail","6":"product_cat-poleerimine","7":"pa_brand-fx-protect","8":"pa_kasutusotstarve-lakkpinna-poleerimine","9":"pa_omadused-keskimise-loikkavusega","10":"pa_uhiku-hind-12-90e-tk","12":"first","13":"onbackorder","14":"taxable","15":"shipping-taxable","16":"purchasable","17":"product-type-simple"},"_links":{"self":[{"href":"https:\/\/chemicalstore.ee\/ru\/wp-json\/wp\/v2\/product\/4416","targetHints":{"allow":["GET"]}}],"collection":[{"href":"https:\/\/chemicalstore.ee\/ru\/wp-json\/wp\/v2\/product"}],"about":[{"href":"https:\/\/chemicalstore.ee\/ru\/wp-json\/wp\/v2\/types\/product"}],"replies":[{"embeddable":true,"href":"https:\/\/chemicalstore.ee\/ru\/wp-json\/wp\/v2\/comments?post=4416"}],"wp:featuredmedia":[{"embeddable":true,"href":"https:\/\/chemicalstore.ee\/ru\/wp-json\/wp\/v2\/media\/4417"}],"wp:attachment":[{"href":"https:\/\/chemicalstore.ee\/ru\/wp-json\/wp\/v2\/media?parent=4416"}],"wp:term":[{"taxonomy":"product_brand","embeddable":true,"href":"https:\/\/chemicalstore.ee\/ru\/wp-json\/wp\/v2\/product_brand?post=4416"},{"taxonomy":"product_cat","embeddable":true,"href":"https:\/\/chemicalstore.ee\/ru\/wp-json\/wp\/v2\/product_cat?post=4416"},{"taxonomy":"product_tag","embeddable":true,"href":"https:\/\/chemicalstore.ee\/ru\/wp-json\/wp\/v2\/product_tag?post=4416"}],"curies":[{"name":"wp","href":"https:\/\/api.w.org\/{rel}","templated":true}]}}