{"id":4390,"date":"2024-10-02T13:13:34","date_gmt":"2024-10-02T13:13:34","guid":{"rendered":"https:\/\/chemicalstore.ee\/toode\/poleerimispadimicrofiber-hybrid-pad-heavy-cut-fx-protect\/"},"modified":"2024-10-02T13:13:35","modified_gmt":"2024-10-02T13:13:35","slug":"poleerimispadimicrofiber-hybrid-pad-heavy-cut-fx-protect","status":"publish","type":"product","link":"https:\/\/chemicalstore.ee\/ru\/toode\/poleerimispadimicrofiber-hybrid-pad-heavy-cut-fx-protect\/","title":{"rendered":"Poleerimispadi,Microfiber Hybrid Pad \u2013 Heavy Cut &#8211; Fx Protect"},"content":{"rendered":"<p>FX Protect mikrokiust h\u00fcbriidpoleerimispadi tugevate l\u00f5ikekiududega. Poleerimispadja l\u00fchikesed kiud pakuvad teile l\u00f5ikamisel \u00e4\u00e4rmist l\u00f5ikej\u00f5udu ja suurep\u00e4rast pinnaviimistlust p\u00e4rast seda. Paindlik vahts\u00fcdamik v\u00f5imaldab mugavat t\u00f6\u00f6d, samas kui vastupidav takjakinnitus tagab poleerimispadja \u00fclimalt vastupidavuse.<\/p>\n","protected":false},"excerpt":{"rendered":"<p>Fx Protect<\/p>\n","protected":false},"featured_media":4391,"comment_status":"closed","ping_status":"open","template":"","meta":{"_monsterinsights_skip_tracking":false,"_monsterinsights_sitenote_active":false,"_monsterinsights_sitenote_note":"","_monsterinsights_sitenote_category":0},"product_brand":[],"product_cat":[86],"product_tag":[],"class_list":{"0":"post-4390","1":"product","2":"type-product","3":"status-publish","4":"has-post-thumbnail","6":"product_cat-poleerimine","7":"pa_brand-fx-protect","8":"pa_kasutusotstarve-abrasiivsete-poleerimisvahendite-jaoks","9":"pa_omadused-loikamisel-aarmist-loikejoudu-ja-suureparast-pinnaviimistlust","10":"pa_uhiku-hind-9-90e-tk","12":"first","13":"onbackorder","14":"taxable","15":"shipping-taxable","16":"purchasable","17":"product-type-simple"},"_links":{"self":[{"href":"https:\/\/chemicalstore.ee\/ru\/wp-json\/wp\/v2\/product\/4390","targetHints":{"allow":["GET"]}}],"collection":[{"href":"https:\/\/chemicalstore.ee\/ru\/wp-json\/wp\/v2\/product"}],"about":[{"href":"https:\/\/chemicalstore.ee\/ru\/wp-json\/wp\/v2\/types\/product"}],"replies":[{"embeddable":true,"href":"https:\/\/chemicalstore.ee\/ru\/wp-json\/wp\/v2\/comments?post=4390"}],"wp:featuredmedia":[{"embeddable":true,"href":"https:\/\/chemicalstore.ee\/ru\/wp-json\/wp\/v2\/media\/4391"}],"wp:attachment":[{"href":"https:\/\/chemicalstore.ee\/ru\/wp-json\/wp\/v2\/media?parent=4390"}],"wp:term":[{"taxonomy":"product_brand","embeddable":true,"href":"https:\/\/chemicalstore.ee\/ru\/wp-json\/wp\/v2\/product_brand?post=4390"},{"taxonomy":"product_cat","embeddable":true,"href":"https:\/\/chemicalstore.ee\/ru\/wp-json\/wp\/v2\/product_cat?post=4390"},{"taxonomy":"product_tag","embeddable":true,"href":"https:\/\/chemicalstore.ee\/ru\/wp-json\/wp\/v2\/product_tag?post=4390"}],"curies":[{"name":"wp","href":"https:\/\/api.w.org\/{rel}","templated":true}]}}