{"id":4386,"date":"2024-10-02T13:13:34","date_gmt":"2024-10-02T13:13:34","guid":{"rendered":"https:\/\/chemicalstore.ee\/toode\/poleerimispastaheavy-cut-1000ml\/"},"modified":"2024-10-02T13:13:34","modified_gmt":"2024-10-02T13:13:34","slug":"poleerimispastaheavy-cut-1000ml","status":"publish","type":"product","link":"https:\/\/chemicalstore.ee\/ru\/toode\/poleerimispastaheavy-cut-1000ml\/","title":{"rendered":"Poleerimispasta,Heavy Cut &#8211; 1000ml"},"content":{"rendered":"<p>FX Protect Advanced Heavy Cut on \u00fclit\u00f5hus abrasiivne pasta v\u00e4rvi viimistlemiseks. Ideaalne tugevalt lihvitud v\u00e4rvikihtide jaoks. Eemaldab parandusv\u00e4rvidelt kriimustused ja lisandid, silub kriimud ja eemaldab v\u00e4rvipihustuse. Eemaldab lihvimisj\u00e4ljed P1200 kuni P1500 liivapaberilt.Valmistab pinnad ette Medium Cut \/ Fine Cut Paste pealekandmiseks. M\u00f5lemad on teile loomulikult poes saadaval.<\/p>\n","protected":false},"excerpt":{"rendered":"<p>Fx Protect<\/p>\n","protected":false},"featured_media":4387,"comment_status":"closed","ping_status":"open","template":"","meta":{"_monsterinsights_skip_tracking":false,"_monsterinsights_sitenote_active":false,"_monsterinsights_sitenote_note":"","_monsterinsights_sitenote_category":0},"product_brand":[],"product_cat":[86],"product_tag":[],"class_list":{"0":"post-4386","1":"product","2":"type-product","3":"status-publish","4":"has-post-thumbnail","6":"product_cat-poleerimine","7":"pa_brand-fx-protect","8":"pa_kasutusotstarve-kriimustuste-ja-lisandite-eemaldamine-viimistletud-osadelt-voi-tehase-originaalvarvidelt","9":"pa_omadused-silikoonivaba-valem-ilma-taiteaineteta","10":"pa_uhiku-hind-46-90e-l","12":"first","13":"onbackorder","14":"taxable","15":"shipping-taxable","16":"purchasable","17":"product-type-simple"},"_links":{"self":[{"href":"https:\/\/chemicalstore.ee\/ru\/wp-json\/wp\/v2\/product\/4386","targetHints":{"allow":["GET"]}}],"collection":[{"href":"https:\/\/chemicalstore.ee\/ru\/wp-json\/wp\/v2\/product"}],"about":[{"href":"https:\/\/chemicalstore.ee\/ru\/wp-json\/wp\/v2\/types\/product"}],"replies":[{"embeddable":true,"href":"https:\/\/chemicalstore.ee\/ru\/wp-json\/wp\/v2\/comments?post=4386"}],"wp:featuredmedia":[{"embeddable":true,"href":"https:\/\/chemicalstore.ee\/ru\/wp-json\/wp\/v2\/media\/4387"}],"wp:attachment":[{"href":"https:\/\/chemicalstore.ee\/ru\/wp-json\/wp\/v2\/media?parent=4386"}],"wp:term":[{"taxonomy":"product_brand","embeddable":true,"href":"https:\/\/chemicalstore.ee\/ru\/wp-json\/wp\/v2\/product_brand?post=4386"},{"taxonomy":"product_cat","embeddable":true,"href":"https:\/\/chemicalstore.ee\/ru\/wp-json\/wp\/v2\/product_cat?post=4386"},{"taxonomy":"product_tag","embeddable":true,"href":"https:\/\/chemicalstore.ee\/ru\/wp-json\/wp\/v2\/product_tag?post=4386"}],"curies":[{"name":"wp","href":"https:\/\/api.w.org\/{rel}","templated":true}]}}