{"id":4366,"date":"2024-10-02T13:13:19","date_gmt":"2024-10-02T13:13:19","guid":{"rendered":"https:\/\/chemicalstore.ee\/toode\/poleerimispastamedium-cut-one-step-250ml\/"},"modified":"2024-10-02T13:13:29","modified_gmt":"2024-10-02T13:13:29","slug":"poleerimispastamedium-cut-one-step-250ml","status":"publish","type":"product","link":"https:\/\/chemicalstore.ee\/ru\/toode\/poleerimispastamedium-cut-one-step-250ml\/","title":{"rendered":"Poleerimispasta,Medium Cut\/One Step &#8211; 250ml"},"content":{"rendered":"<p>FX Protect One Step Medium Cut on peeneks lihvimispasta \/ 1-astmeline poleer v\u00e4rvimispinna jaoks. Ideaalne juba lihvitud v\u00e4rvikihtide jaoks. Eemaldab kerged ja keskmised kriimud ja lisandid, silub kriimud, eemaldab v\u00e4rvipihustusudu. Eemaldab P2000 liivapaberilt lihvimisj\u00e4ljed.Valmistab pinnad ette Fine Cut Paste&#8217;i jaoks. Muidugi saadaval siin poes.<\/p>\n","protected":false},"excerpt":{"rendered":"<p>Fx Protect<\/p>\n","protected":false},"featured_media":4367,"comment_status":"closed","ping_status":"open","template":"","meta":{"_monsterinsights_skip_tracking":false,"_monsterinsights_sitenote_active":false,"_monsterinsights_sitenote_note":"","_monsterinsights_sitenote_category":0},"product_brand":[],"product_cat":[86],"product_tag":[],"class_list":{"0":"post-4366","1":"product","2":"type-product","3":"status-publish","4":"has-post-thumbnail","6":"product_cat-poleerimine","7":"pa_brand-fx-protect","8":"pa_kasutusotstarve-kergete-kuni-keskmiste-kriimustuste-ja-lisandite-eemaldamine","9":"pa_omadused-silikoonivaba-valem-ilma-taiteaineteta","10":"pa_uhiku-hind-95-60e-l","12":"first","13":"onbackorder","14":"taxable","15":"shipping-taxable","16":"purchasable","17":"product-type-simple"},"_links":{"self":[{"href":"https:\/\/chemicalstore.ee\/ru\/wp-json\/wp\/v2\/product\/4366","targetHints":{"allow":["GET"]}}],"collection":[{"href":"https:\/\/chemicalstore.ee\/ru\/wp-json\/wp\/v2\/product"}],"about":[{"href":"https:\/\/chemicalstore.ee\/ru\/wp-json\/wp\/v2\/types\/product"}],"replies":[{"embeddable":true,"href":"https:\/\/chemicalstore.ee\/ru\/wp-json\/wp\/v2\/comments?post=4366"}],"wp:featuredmedia":[{"embeddable":true,"href":"https:\/\/chemicalstore.ee\/ru\/wp-json\/wp\/v2\/media\/4367"}],"wp:attachment":[{"href":"https:\/\/chemicalstore.ee\/ru\/wp-json\/wp\/v2\/media?parent=4366"}],"wp:term":[{"taxonomy":"product_brand","embeddable":true,"href":"https:\/\/chemicalstore.ee\/ru\/wp-json\/wp\/v2\/product_brand?post=4366"},{"taxonomy":"product_cat","embeddable":true,"href":"https:\/\/chemicalstore.ee\/ru\/wp-json\/wp\/v2\/product_cat?post=4366"},{"taxonomy":"product_tag","embeddable":true,"href":"https:\/\/chemicalstore.ee\/ru\/wp-json\/wp\/v2\/product_tag?post=4366"}],"curies":[{"name":"wp","href":"https:\/\/api.w.org\/{rel}","templated":true}]}}