{"id":4362,"date":"2024-10-02T13:13:19","date_gmt":"2024-10-02T13:13:19","guid":{"rendered":"https:\/\/chemicalstore.ee\/toode\/poleerimispastafine-cut-1000ml\/"},"modified":"2024-10-02T13:13:28","modified_gmt":"2024-10-02T13:13:28","slug":"poleerimispastafine-cut-1000ml","status":"publish","type":"product","link":"https:\/\/chemicalstore.ee\/ru\/toode\/poleerimispastafine-cut-1000ml\/","title":{"rendered":"Poleerimispasta,fine cut &#8211; 1000ml"},"content":{"rendered":"<p>FX Protect Anti-Hologram Fine Cut on peeneks lihvimispasta v\u00e4rvi viimistlemiseks. Ideaalne juba ettevalmistatud v\u00e4rvikihtide jaoks. Eemaldab hologrammid ja mikrosulgud ning annab k\u00f5rge l\u00e4ike. Eemaldab P3000 liivapaberilt lihvimisj\u00e4ljed.P\u00e4rast pindade ettevalmistamist Heavy Cut \/ Medium Cut Paste&#8217;iga. \u2013 M\u00f5lemad on teile loomulikult poes saadaval.<\/p>\n","protected":false},"excerpt":{"rendered":"<p>Fx Protect<\/p>\n","protected":false},"featured_media":4363,"comment_status":"closed","ping_status":"open","template":"","meta":{"_monsterinsights_skip_tracking":false,"_monsterinsights_sitenote_active":false,"_monsterinsights_sitenote_note":"","_monsterinsights_sitenote_category":0},"product_brand":[],"product_cat":[86],"product_tag":[],"class_list":{"0":"post-4362","1":"product","2":"type-product","3":"status-publish","4":"has-post-thumbnail","6":"product_cat-poleerimine","7":"pa_brand-fx-protect","8":"pa_kasutusotstarve-hologrammide-ja-mikrosulgude-eemaldamine","9":"pa_omadused-silikoonivaba-valem-ilma-taiteaineteta","10":"pa_uhiku-hind-46-90e-l","12":"first","13":"onbackorder","14":"taxable","15":"shipping-taxable","16":"purchasable","17":"product-type-simple"},"_links":{"self":[{"href":"https:\/\/chemicalstore.ee\/ru\/wp-json\/wp\/v2\/product\/4362","targetHints":{"allow":["GET"]}}],"collection":[{"href":"https:\/\/chemicalstore.ee\/ru\/wp-json\/wp\/v2\/product"}],"about":[{"href":"https:\/\/chemicalstore.ee\/ru\/wp-json\/wp\/v2\/types\/product"}],"replies":[{"embeddable":true,"href":"https:\/\/chemicalstore.ee\/ru\/wp-json\/wp\/v2\/comments?post=4362"}],"wp:featuredmedia":[{"embeddable":true,"href":"https:\/\/chemicalstore.ee\/ru\/wp-json\/wp\/v2\/media\/4363"}],"wp:attachment":[{"href":"https:\/\/chemicalstore.ee\/ru\/wp-json\/wp\/v2\/media?parent=4362"}],"wp:term":[{"taxonomy":"product_brand","embeddable":true,"href":"https:\/\/chemicalstore.ee\/ru\/wp-json\/wp\/v2\/product_brand?post=4362"},{"taxonomy":"product_cat","embeddable":true,"href":"https:\/\/chemicalstore.ee\/ru\/wp-json\/wp\/v2\/product_cat?post=4362"},{"taxonomy":"product_tag","embeddable":true,"href":"https:\/\/chemicalstore.ee\/ru\/wp-json\/wp\/v2\/product_tag?post=4362"}],"curies":[{"name":"wp","href":"https:\/\/api.w.org\/{rel}","templated":true}]}}