{"id":4346,"date":"2024-10-02T13:13:19","date_gmt":"2024-10-02T13:13:19","guid":{"rendered":"https:\/\/chemicalstore.ee\/toode\/auto-sampoonarctic-ice-shampoo-1000ml\/"},"modified":"2024-10-02T13:13:26","modified_gmt":"2024-10-02T13:13:26","slug":"auto-sampoonarctic-ice-shampoo-1000ml","status":"publish","type":"product","link":"https:\/\/chemicalstore.ee\/ru\/toode\/auto-sampoonarctic-ice-shampoo-1000ml\/","title":{"rendered":"Auto \u0161ampoon,Arctic Ice Shampoo &#8211; 1000ml"},"content":{"rendered":"<p>FX Protect Arctic Ice Shampoo lahustab suurep\u00e4raselt mustuse, tungib tugevalt l\u00e4bi m\u00e4\u00e4rdunud pinna, eemaldab t\u00f5husalt k\u00f5vade veepiiskade tekitatud ladestused ja aitab hoida auto kere puhtana. \u0160ampoon on rikastatud aktiivsete pindaktiivsete \u00fchenditega, mis v\u00e4hendavad h\u00f5\u00f5rdumist ja niisutavad pinda, h\u00f5lbustades t\u00f6\u00f6d kinda v\u00f5i padjaga pestes.V\u00e4ga oluline omadus on kuivatusfunktsioon, mis suvel \u00f5ues pestes minimeerib veeplekkide teket. Huvitav on ka see, et FX Protect Arctic Ice Shampoo sisaldab korrosioonivastast ainet. Mida see t\u00e4hendab? \u00dcks tootes sisalduvatest toorainetest vastutab vee neutraliseerimise eest, mis p\u00f5hjustab aja jooksul korrosiooni ja veeplekke. FX Protect Arctic Ice Shampoo loob rikkaliku ja stabiilse vahu, mis loputab ideaalselt ja ei j\u00e4ta j\u00e4\u00e4ke.<\/p>\n","protected":false},"excerpt":{"rendered":"<p>Fx Protect<\/p>\n","protected":false},"featured_media":4347,"comment_status":"closed","ping_status":"open","template":"","meta":{"_monsterinsights_skip_tracking":false,"_monsterinsights_sitenote_active":false,"_monsterinsights_sitenote_note":"","_monsterinsights_sitenote_category":0},"product_brand":[],"product_cat":[35],"product_tag":[],"class_list":{"0":"post-4346","1":"product","2":"type-product","3":"status-publish","4":"has-post-thumbnail","6":"product_cat-puhastusvahendid-autohooldustooted","7":"pa_brand-fx-protect","8":"pa_kasutusotstarve-auto-valipesu","9":"pa_omadused-tekitab-suures-koguses-vahtu","10":"pa_uhiku-hind-14-90e-l","12":"first","13":"onbackorder","14":"taxable","15":"shipping-taxable","16":"purchasable","17":"product-type-simple"},"_links":{"self":[{"href":"https:\/\/chemicalstore.ee\/ru\/wp-json\/wp\/v2\/product\/4346","targetHints":{"allow":["GET"]}}],"collection":[{"href":"https:\/\/chemicalstore.ee\/ru\/wp-json\/wp\/v2\/product"}],"about":[{"href":"https:\/\/chemicalstore.ee\/ru\/wp-json\/wp\/v2\/types\/product"}],"replies":[{"embeddable":true,"href":"https:\/\/chemicalstore.ee\/ru\/wp-json\/wp\/v2\/comments?post=4346"}],"wp:featuredmedia":[{"embeddable":true,"href":"https:\/\/chemicalstore.ee\/ru\/wp-json\/wp\/v2\/media\/4347"}],"wp:attachment":[{"href":"https:\/\/chemicalstore.ee\/ru\/wp-json\/wp\/v2\/media?parent=4346"}],"wp:term":[{"taxonomy":"product_brand","embeddable":true,"href":"https:\/\/chemicalstore.ee\/ru\/wp-json\/wp\/v2\/product_brand?post=4346"},{"taxonomy":"product_cat","embeddable":true,"href":"https:\/\/chemicalstore.ee\/ru\/wp-json\/wp\/v2\/product_cat?post=4346"},{"taxonomy":"product_tag","embeddable":true,"href":"https:\/\/chemicalstore.ee\/ru\/wp-json\/wp\/v2\/product_tag?post=4346"}],"curies":[{"name":"wp","href":"https:\/\/api.w.org\/{rel}","templated":true}]}}