{"id":4330,"date":"2024-10-02T13:13:19","date_gmt":"2024-10-02T13:13:19","guid":{"rendered":"https:\/\/chemicalstore.ee\/toode\/nano-sampoonnano-shampoo-500ml\/"},"modified":"2024-10-02T13:13:23","modified_gmt":"2024-10-02T13:13:23","slug":"nano-sampoonnano-shampoo-500ml","status":"publish","type":"product","link":"https:\/\/chemicalstore.ee\/ru\/toode\/nano-sampoonnano-shampoo-500ml\/","title":{"rendered":"Nano \u0161ampoon,Nano Shampoo &#8211; 500ml"},"content":{"rendered":"<p>T\u00e4nu r\u00e4ninanoosakeste sisaldusele s\u00e4ilitab FX Protect Nano Shampoo suurep\u00e4raselt eelnevalt auto v\u00e4rvitud pinnale kantud hermeetikud. Pindaktiivsete ainete ainulaadne koostis v\u00f5imaldab tootel igap\u00e4evase pesemise k\u00e4igus eemaldada auto kerelt p\u00f5hjalikult saasteained lihtsal ja ohutul viisil. FX Protect Nano Shampoo k\u00f5rge kontsentratsioon v\u00f5imaldab v\u00e4ikese koguse \u0161ampooniga tekitada rohkelt vahtu.<\/p>\n","protected":false},"excerpt":{"rendered":"<p>Fx Protect<\/p>\n","protected":false},"featured_media":4331,"comment_status":"closed","ping_status":"open","template":"","meta":{"_monsterinsights_skip_tracking":false,"_monsterinsights_sitenote_active":false,"_monsterinsights_sitenote_note":"","_monsterinsights_sitenote_category":0},"product_brand":[],"product_cat":[35],"product_tag":[],"class_list":{"0":"post-4330","1":"product","2":"type-product","3":"status-publish","4":"has-post-thumbnail","6":"product_cat-puhastusvahendid-autohooldustooted","7":"pa_brand-fx-protect","8":"pa_kasutusotstarve-auto-valipesu","9":"pa_omadused-tekitab-suures-koguses-vahtu","10":"pa_uhiku-hind-13-80e-l","12":"first","13":"onbackorder","14":"taxable","15":"shipping-taxable","16":"purchasable","17":"product-type-simple"},"_links":{"self":[{"href":"https:\/\/chemicalstore.ee\/ru\/wp-json\/wp\/v2\/product\/4330","targetHints":{"allow":["GET"]}}],"collection":[{"href":"https:\/\/chemicalstore.ee\/ru\/wp-json\/wp\/v2\/product"}],"about":[{"href":"https:\/\/chemicalstore.ee\/ru\/wp-json\/wp\/v2\/types\/product"}],"replies":[{"embeddable":true,"href":"https:\/\/chemicalstore.ee\/ru\/wp-json\/wp\/v2\/comments?post=4330"}],"wp:featuredmedia":[{"embeddable":true,"href":"https:\/\/chemicalstore.ee\/ru\/wp-json\/wp\/v2\/media\/4331"}],"wp:attachment":[{"href":"https:\/\/chemicalstore.ee\/ru\/wp-json\/wp\/v2\/media?parent=4330"}],"wp:term":[{"taxonomy":"product_brand","embeddable":true,"href":"https:\/\/chemicalstore.ee\/ru\/wp-json\/wp\/v2\/product_brand?post=4330"},{"taxonomy":"product_cat","embeddable":true,"href":"https:\/\/chemicalstore.ee\/ru\/wp-json\/wp\/v2\/product_cat?post=4330"},{"taxonomy":"product_tag","embeddable":true,"href":"https:\/\/chemicalstore.ee\/ru\/wp-json\/wp\/v2\/product_tag?post=4330"}],"curies":[{"name":"wp","href":"https:\/\/api.w.org\/{rel}","templated":true}]}}