{"id":4322,"date":"2024-10-02T13:13:19","date_gmt":"2024-10-02T13:13:19","guid":{"rendered":"https:\/\/chemicalstore.ee\/toode\/aktiivvahtactive-foam-1000ml\/"},"modified":"2024-10-02T13:13:22","modified_gmt":"2024-10-02T13:13:22","slug":"aktiivvahtactive-foam-1000ml","status":"publish","type":"product","link":"https:\/\/chemicalstore.ee\/ru\/toode\/aktiivvahtactive-foam-1000ml\/","title":{"rendered":"Aktiivvaht,Active Foam &#8211; 1000ml"},"content":{"rendered":"<p>Selle neutraalne pH muudab FX Protect Active Foami ohutuks kaitsvate katete v\u00f5i vahadega kaitstud pindadele. Tekib tihe ja tugev vaht, mis t\u00e4nu spetsiaalselt v\u00e4ljat\u00f6\u00f6tatud valemile nakkub puhastatava pinnaga ja lahustab suurep\u00e4raselt mustuseosakesed.FX Protect Active Foami iseloomustab k\u00f5rge efektiivsus, t\u00f5husus ja v\u00e4ga meeldiv apelsiini l\u00f5hn.<\/p>\n","protected":false},"excerpt":{"rendered":"<p>Fx Protect<\/p>\n","protected":false},"featured_media":4323,"comment_status":"closed","ping_status":"open","template":"","meta":{"_monsterinsights_skip_tracking":false,"_monsterinsights_sitenote_active":false,"_monsterinsights_sitenote_note":"","_monsterinsights_sitenote_category":0},"product_brand":[],"product_cat":[35],"product_tag":[],"class_list":{"0":"post-4322","1":"product","2":"type-product","3":"status-publish","4":"has-post-thumbnail","6":"product_cat-puhastusvahendid-autohooldustooted","7":"pa_brand-fx-protect","8":"pa_kasutusotstarve-eelpesu","9":"pa_omadused-vaga-tugev-puhastusomadus","10":"pa_uhiku-hind-13-90e-l","12":"first","13":"onbackorder","14":"taxable","15":"shipping-taxable","16":"purchasable","17":"product-type-simple"},"_links":{"self":[{"href":"https:\/\/chemicalstore.ee\/ru\/wp-json\/wp\/v2\/product\/4322","targetHints":{"allow":["GET"]}}],"collection":[{"href":"https:\/\/chemicalstore.ee\/ru\/wp-json\/wp\/v2\/product"}],"about":[{"href":"https:\/\/chemicalstore.ee\/ru\/wp-json\/wp\/v2\/types\/product"}],"replies":[{"embeddable":true,"href":"https:\/\/chemicalstore.ee\/ru\/wp-json\/wp\/v2\/comments?post=4322"}],"wp:featuredmedia":[{"embeddable":true,"href":"https:\/\/chemicalstore.ee\/ru\/wp-json\/wp\/v2\/media\/4323"}],"wp:attachment":[{"href":"https:\/\/chemicalstore.ee\/ru\/wp-json\/wp\/v2\/media?parent=4322"}],"wp:term":[{"taxonomy":"product_brand","embeddable":true,"href":"https:\/\/chemicalstore.ee\/ru\/wp-json\/wp\/v2\/product_brand?post=4322"},{"taxonomy":"product_cat","embeddable":true,"href":"https:\/\/chemicalstore.ee\/ru\/wp-json\/wp\/v2\/product_cat?post=4322"},{"taxonomy":"product_tag","embeddable":true,"href":"https:\/\/chemicalstore.ee\/ru\/wp-json\/wp\/v2\/product_tag?post=4322"}],"curies":[{"name":"wp","href":"https:\/\/api.w.org\/{rel}","templated":true}]}}