{"id":4314,"date":"2024-10-02T13:13:19","date_gmt":"2024-10-02T13:13:19","guid":{"rendered":"https:\/\/chemicalstore.ee\/toode\/eelpesuainegravity-pre-wash-5000ml\/"},"modified":"2024-10-02T13:13:21","modified_gmt":"2024-10-02T13:13:21","slug":"eelpesuainegravity-pre-wash-5000ml","status":"publish","type":"product","link":"https:\/\/chemicalstore.ee\/ru\/toode\/eelpesuainegravity-pre-wash-5000ml\/","title":{"rendered":"Eelpesuaine,Gravity Pre-Wash &#8211; 5000ml"},"content":{"rendered":"<p>FX Protect Gravity Pre-Wash on v\u00e4ga tugev aluseline toode, mis valmistab teie auto optimaalselt ette tegelikuks pesuks. Selle eelpuhastusvahendi \u00fcks olulisemaid omadusi on see, et see pehmendab ka k\u00f5ige t\u00f5rksama mustuse, nii et see eraldub puhastatud pinnalt ideaalselt. See omakorda t\u00e4hendab, et reaalse pesu k\u00e4igus satub kindale v\u00f5i \u00e4mbrile oluliselt v\u00e4hem mustust ja ma arvan, et n\u00f5ustute meiega: mida v\u00e4hem mustust, seda turvalisem, lihtsam ja m\u00f5nusam on pesemine, eks?FX Protect Gravity Pre-Wash sisaldab suures osas pindaktiivseid aineid ja on v\u00e4ga kontsentreeritud, nii et saate seda vastavalt vajadusele lahjendada. FX Protect Gravity Pre-Wash\u2019i saab kasutada kahel viisil: pihustina v\u00f5i vahuna \u2013 valik on sinu. Kuid pidage meeles, et p\u00e4rast FX Protect Gravity Pre-Washi kasutamist j\u00e4\u00e4b pind ideaalselt puhtaks ainult siis, kui teete korraliku autopesu.Teade:Kandke jahedale pinnale varjulises kohas.Testige toodet enne esmakordset kasutamist pinna v\u00e4hem n\u00e4htaval alal.Eba\u00f5ige kasutamine v\u00f5ib pinda p\u00fcsivalt kahjustada.Soovitatav lahjendamine veega:1:10\u20131:80 (k\u00e4sipihusti)1:1\u20131:10 (vahukahur)1:10\u20131:30 (k\u00e4sivahustaja)<\/p>\n","protected":false},"excerpt":{"rendered":"<p>Fx Protect<\/p>\n","protected":false},"featured_media":4315,"comment_status":"closed","ping_status":"open","template":"","meta":{"_monsterinsights_skip_tracking":false,"_monsterinsights_sitenote_active":false,"_monsterinsights_sitenote_note":"","_monsterinsights_sitenote_category":0},"product_brand":[],"product_cat":[35],"product_tag":[],"class_list":{"0":"post-4314","1":"product","2":"type-product","3":"status-publish","4":"has-post-thumbnail","6":"product_cat-puhastusvahendid-autohooldustooted","7":"pa_brand-fx-protect","8":"pa_kasutusotstarve-eelpesu","9":"pa_omadused-vaga-tugev-puhastusomadus","10":"pa_uhiku-hind-7-18e-l","12":"first","13":"onbackorder","14":"taxable","15":"shipping-taxable","16":"purchasable","17":"product-type-simple"},"_links":{"self":[{"href":"https:\/\/chemicalstore.ee\/ru\/wp-json\/wp\/v2\/product\/4314","targetHints":{"allow":["GET"]}}],"collection":[{"href":"https:\/\/chemicalstore.ee\/ru\/wp-json\/wp\/v2\/product"}],"about":[{"href":"https:\/\/chemicalstore.ee\/ru\/wp-json\/wp\/v2\/types\/product"}],"replies":[{"embeddable":true,"href":"https:\/\/chemicalstore.ee\/ru\/wp-json\/wp\/v2\/comments?post=4314"}],"wp:featuredmedia":[{"embeddable":true,"href":"https:\/\/chemicalstore.ee\/ru\/wp-json\/wp\/v2\/media\/4315"}],"wp:attachment":[{"href":"https:\/\/chemicalstore.ee\/ru\/wp-json\/wp\/v2\/media?parent=4314"}],"wp:term":[{"taxonomy":"product_brand","embeddable":true,"href":"https:\/\/chemicalstore.ee\/ru\/wp-json\/wp\/v2\/product_brand?post=4314"},{"taxonomy":"product_cat","embeddable":true,"href":"https:\/\/chemicalstore.ee\/ru\/wp-json\/wp\/v2\/product_cat?post=4314"},{"taxonomy":"product_tag","embeddable":true,"href":"https:\/\/chemicalstore.ee\/ru\/wp-json\/wp\/v2\/product_tag?post=4314"}],"curies":[{"name":"wp","href":"https:\/\/api.w.org\/{rel}","templated":true}]}}