{"id":4294,"date":"2024-10-02T13:13:04","date_gmt":"2024-10-02T13:13:04","guid":{"rendered":"https:\/\/chemicalstore.ee\/toode\/uldpuhastusaineall-purpose-cleaner-500ml\/"},"modified":"2024-10-02T13:13:15","modified_gmt":"2024-10-02T13:13:15","slug":"uldpuhastusaineall-purpose-cleaner-500ml","status":"publish","type":"product","link":"https:\/\/chemicalstore.ee\/ru\/toode\/uldpuhastusaineall-purpose-cleaner-500ml\/","title":{"rendered":"\u00dcldpuhastusaine,All Purpose Cleaner &#8211; 500ml"},"content":{"rendered":"<p>FX Protect APC on mitmek\u00fclgne toode pindade puhastamiseks s\u00f5idukis sees ja v\u00e4ljaspool. Ideaalne mustuse eemaldamiseks polstrist, katusevooderdist, plastelementidest, kummielementidest, s\u00fcvenditest, rattakoobastest v\u00f5i mootoriruumist. See ei j\u00e4ta triipe, setteid ja rasvaseid plekke. Tootega t\u00f6\u00f6tamist t\u00e4iustab meeldiv tsitrusel\u00f5hn<\/p>\n","protected":false},"excerpt":{"rendered":"<p>Fx Protect<\/p>\n","protected":false},"featured_media":4295,"comment_status":"closed","ping_status":"open","template":"","meta":{"_monsterinsights_skip_tracking":false,"_monsterinsights_sitenote_active":false,"_monsterinsights_sitenote_note":"","_monsterinsights_sitenote_category":0},"product_brand":[],"product_cat":[35],"product_tag":[],"class_list":{"0":"post-4294","1":"product","2":"type-product","3":"status-publish","4":"has-post-thumbnail","6":"product_cat-puhastusvahendid-autohooldustooted","7":"pa_brand-fx-protect","8":"pa_kasutusotstarve-uldpuhastus","9":"pa_omadused-ohutu-koikidele-puhastatavatele-pindadele","10":"pa_uhiku-hind-17-80e-l","12":"first","13":"onbackorder","14":"taxable","15":"shipping-taxable","16":"purchasable","17":"product-type-simple"},"_links":{"self":[{"href":"https:\/\/chemicalstore.ee\/ru\/wp-json\/wp\/v2\/product\/4294","targetHints":{"allow":["GET"]}}],"collection":[{"href":"https:\/\/chemicalstore.ee\/ru\/wp-json\/wp\/v2\/product"}],"about":[{"href":"https:\/\/chemicalstore.ee\/ru\/wp-json\/wp\/v2\/types\/product"}],"replies":[{"embeddable":true,"href":"https:\/\/chemicalstore.ee\/ru\/wp-json\/wp\/v2\/comments?post=4294"}],"wp:featuredmedia":[{"embeddable":true,"href":"https:\/\/chemicalstore.ee\/ru\/wp-json\/wp\/v2\/media\/4295"}],"wp:attachment":[{"href":"https:\/\/chemicalstore.ee\/ru\/wp-json\/wp\/v2\/media?parent=4294"}],"wp:term":[{"taxonomy":"product_brand","embeddable":true,"href":"https:\/\/chemicalstore.ee\/ru\/wp-json\/wp\/v2\/product_brand?post=4294"},{"taxonomy":"product_cat","embeddable":true,"href":"https:\/\/chemicalstore.ee\/ru\/wp-json\/wp\/v2\/product_cat?post=4294"},{"taxonomy":"product_tag","embeddable":true,"href":"https:\/\/chemicalstore.ee\/ru\/wp-json\/wp\/v2\/product_tag?post=4294"}],"curies":[{"name":"wp","href":"https:\/\/api.w.org\/{rel}","templated":true}]}}