{"id":4286,"date":"2024-10-02T13:13:04","date_gmt":"2024-10-02T13:13:04","guid":{"rendered":"https:\/\/chemicalstore.ee\/toode\/lubjaeemaldusainewater-spot-remover-1000ml\/"},"modified":"2024-10-02T13:13:14","modified_gmt":"2024-10-02T13:13:14","slug":"lubjaeemaldusainewater-spot-remover-1000ml","status":"publish","type":"product","link":"https:\/\/chemicalstore.ee\/ru\/toode\/lubjaeemaldusainewater-spot-remover-1000ml\/","title":{"rendered":"Lubjaeemaldusaine,Water Spot Remover &#8211; 1000ml"},"content":{"rendered":"<p>T\u00e4nu \u00f5igesti valitud happelisele koostisele tungib FX Protect Water Spot Remover tugevalt l\u00e4bi saastunud pinna, eemaldab t\u00f5husalt k\u00f5vade veepiiskade ladestumisest tekkivad ladestused ning aitab ka pinda puhtana hoida. Toote paks konsistents v\u00f5imaldab pikka ja p\u00f5hjalikku t\u00f6\u00f6d. FX Protect Water Spot Remover on soovitatav pinna ettevalmistamiseks enne v\u00e4rvi ettevalmistamist. Toodet on rikastatud puhastusvahendite ja pindaktiivsete ainetega, mis h\u00f5lbustavad pealekandmist ja loputamist.Soovitatav kasutus:Toode on m\u00f5eldud ohutuks kasutamiseks kaitsekatetel, v\u00e4rvitud ja kroomitud pindadel, helkuritel, PPF-kiledel ja v\u00e4rvimata v\u00e4lisplastidel.<\/p>\n","protected":false},"excerpt":{"rendered":"<p>Fx Protect<\/p>\n","protected":false},"featured_media":4287,"comment_status":"closed","ping_status":"open","template":"","meta":{"_monsterinsights_skip_tracking":false,"_monsterinsights_sitenote_active":false,"_monsterinsights_sitenote_note":"","_monsterinsights_sitenote_category":0},"product_brand":[],"product_cat":[35],"product_tag":[],"class_list":{"0":"post-4286","1":"product","2":"type-product","3":"status-publish","4":"has-post-thumbnail","6":"product_cat-puhastusvahendid-autohooldustooted","7":"pa_brand-fx-protect","8":"pa_kasutusotstarve-eemaldab-karedast-veest-maavarade-ladestused","9":"pa_omadused-eemaldab-ranidioksiidi-jaagid-taastab-kaitsekatete-hudrofoobsuse","10":"pa_uhiku-hind-21-90e-l","12":"first","13":"onbackorder","14":"taxable","15":"shipping-taxable","16":"purchasable","17":"product-type-simple"},"_links":{"self":[{"href":"https:\/\/chemicalstore.ee\/ru\/wp-json\/wp\/v2\/product\/4286","targetHints":{"allow":["GET"]}}],"collection":[{"href":"https:\/\/chemicalstore.ee\/ru\/wp-json\/wp\/v2\/product"}],"about":[{"href":"https:\/\/chemicalstore.ee\/ru\/wp-json\/wp\/v2\/types\/product"}],"replies":[{"embeddable":true,"href":"https:\/\/chemicalstore.ee\/ru\/wp-json\/wp\/v2\/comments?post=4286"}],"wp:featuredmedia":[{"embeddable":true,"href":"https:\/\/chemicalstore.ee\/ru\/wp-json\/wp\/v2\/media\/4287"}],"wp:attachment":[{"href":"https:\/\/chemicalstore.ee\/ru\/wp-json\/wp\/v2\/media?parent=4286"}],"wp:term":[{"taxonomy":"product_brand","embeddable":true,"href":"https:\/\/chemicalstore.ee\/ru\/wp-json\/wp\/v2\/product_brand?post=4286"},{"taxonomy":"product_cat","embeddable":true,"href":"https:\/\/chemicalstore.ee\/ru\/wp-json\/wp\/v2\/product_cat?post=4286"},{"taxonomy":"product_tag","embeddable":true,"href":"https:\/\/chemicalstore.ee\/ru\/wp-json\/wp\/v2\/product_tag?post=4286"}],"curies":[{"name":"wp","href":"https:\/\/api.w.org\/{rel}","templated":true}]}}