{"id":4274,"date":"2024-10-02T13:13:04","date_gmt":"2024-10-02T13:13:04","guid":{"rendered":"https:\/\/chemicalstore.ee\/toode\/viimistlus-puhastusvahendsurface-agent-1000ml\/"},"modified":"2024-10-02T13:13:12","modified_gmt":"2024-10-02T13:13:12","slug":"viimistlus-puhastusvahendsurface-agent-1000ml","status":"publish","type":"product","link":"https:\/\/chemicalstore.ee\/ru\/toode\/viimistlus-puhastusvahendsurface-agent-1000ml\/","title":{"rendered":"Viimistlus puhastusvahend,Surface Agent  &#8211; 1000ml"},"content":{"rendered":"<p>FX Protect Surface Agent on antistaatiline kontrollpreparaat v\u00e4rvitud pindade rasvatustamiseks. Eemaldab suurep\u00e4raselt poleerimispastade j\u00e4\u00e4gid. Spetsiaalne alkoholip\u00f5hine valem steriliseerib v\u00e4rvi t\u00f5husalt, muutes pinna kaitsekatete ja vahade pealekandmiseks ideaalselt ette. Valides \u00f5iged koostisosad, aurustub toode v\u00e4ga kiiresti ja l\u00e4heb kergesti laiali.<\/p>\n","protected":false},"excerpt":{"rendered":"<p>Fx Protect<\/p>\n","protected":false},"featured_media":4275,"comment_status":"closed","ping_status":"open","template":"","meta":{"_monsterinsights_skip_tracking":false,"_monsterinsights_sitenote_active":false,"_monsterinsights_sitenote_note":"","_monsterinsights_sitenote_category":0},"product_brand":[],"product_cat":[35],"product_tag":[],"class_list":{"0":"post-4274","1":"product","2":"type-product","3":"status-publish","4":"has-post-thumbnail","6":"product_cat-puhastusvahendid-autohooldustooted","7":"pa_brand-fx-protect","8":"pa_kasutusotstarve-pinna-viimistlemiseks-enne-tootlemist","9":"pa_omadused-eemaldab-suureparaselt-poleerimispastade-jaagid","10":"pa_uhiku-hind-21-90e-l","12":"first","13":"onbackorder","14":"taxable","15":"shipping-taxable","16":"purchasable","17":"product-type-simple"},"_links":{"self":[{"href":"https:\/\/chemicalstore.ee\/ru\/wp-json\/wp\/v2\/product\/4274","targetHints":{"allow":["GET"]}}],"collection":[{"href":"https:\/\/chemicalstore.ee\/ru\/wp-json\/wp\/v2\/product"}],"about":[{"href":"https:\/\/chemicalstore.ee\/ru\/wp-json\/wp\/v2\/types\/product"}],"replies":[{"embeddable":true,"href":"https:\/\/chemicalstore.ee\/ru\/wp-json\/wp\/v2\/comments?post=4274"}],"wp:featuredmedia":[{"embeddable":true,"href":"https:\/\/chemicalstore.ee\/ru\/wp-json\/wp\/v2\/media\/4275"}],"wp:attachment":[{"href":"https:\/\/chemicalstore.ee\/ru\/wp-json\/wp\/v2\/media?parent=4274"}],"wp:term":[{"taxonomy":"product_brand","embeddable":true,"href":"https:\/\/chemicalstore.ee\/ru\/wp-json\/wp\/v2\/product_brand?post=4274"},{"taxonomy":"product_cat","embeddable":true,"href":"https:\/\/chemicalstore.ee\/ru\/wp-json\/wp\/v2\/product_cat?post=4274"},{"taxonomy":"product_tag","embeddable":true,"href":"https:\/\/chemicalstore.ee\/ru\/wp-json\/wp\/v2\/product_tag?post=4274"}],"curies":[{"name":"wp","href":"https:\/\/api.w.org\/{rel}","templated":true}]}}