{"id":4262,"date":"2024-10-02T13:13:04","date_gmt":"2024-10-02T13:13:04","guid":{"rendered":"https:\/\/chemicalstore.ee\/toode\/viimistlusainesilky-detailer-1000ml\/"},"modified":"2024-10-02T13:13:10","modified_gmt":"2024-10-02T13:13:10","slug":"viimistlusainesilky-detailer-1000ml","status":"publish","type":"product","link":"https:\/\/chemicalstore.ee\/ru\/toode\/viimistlusainesilky-detailer-1000ml\/","title":{"rendered":"Viimistlusaine,Silky Detailer &#8211; 1000ml"},"content":{"rendered":"<p>Alati l\u00e4ikiv v\u00e4rv, alati maksimaalne v\u00e4rvis\u00fcgavus ja sile pind&#8230; Arvan, et n\u00f5ustute, et see on iga autoomaniku soov. Esmapilgul v\u00f5ib see visioon tunduda raskesti saavutatav, kuid \u00f5nneks pole see nii. FX Protect on oma uue FX Protect Silky Detaileriga v\u00e4lja t\u00f6\u00f6tanud t\u00e4iesti h\u00e4mmastava toote.FX Protect Silky Detailer on kirss tordil, t\u00e4pp &#8220;i&#8221; kohal, viimane lihv teie auto hooldusprotsessile.FX Protect Silky Detaileris sisalduv ainulaadne koostisainete koostis tagab uskumatu v\u00e4rvik\u00fcllastuse ja k\u00f5rge l\u00e4ike. Teid \u00fcllatab pehme, \u00fchtlane siidine lakipind. Pealekandmisel tekkiv sile kile muudab FX Protect Silky Detaileriga t\u00f6\u00f6tamise teile puhta naudingu. Lisaks annab toode h\u00fcdrofoobseid ja antistaatilisi omadusi, t\u00e4nu millele on j\u00e4rgnevate hooldusprotseduuride vahel lihtsam autot puhtana hoida.Muidugi tuleb FX Protect Silky Detaileri omaduste hulgas \u00e4ra mainida &#8220;t\u00f5eline&#8221; eelis &#8211; FX Protect Silky Detailerit saad kanda ka m\u00e4rjale v\u00e4rvile kuivamise abivahendina! L\u00f5pus lisame, et FX Protect Silky Detailerit saab kanda praktiliselt igale v\u00e4lispinnale.<\/p>\n","protected":false},"excerpt":{"rendered":"<p>Fx Protect<\/p>\n","protected":false},"featured_media":4263,"comment_status":"closed","ping_status":"open","template":"","meta":{"_monsterinsights_skip_tracking":false,"_monsterinsights_sitenote_active":false,"_monsterinsights_sitenote_note":"","_monsterinsights_sitenote_category":0},"product_brand":[],"product_cat":[27],"product_tag":[],"class_list":{"0":"post-4262","1":"product","2":"type-product","3":"status-publish","4":"has-post-thumbnail","6":"product_cat-kaitseained","7":"pa_brand-fx-protect","8":"pa_kasutusotstarve-varvipinna-kaitse-laigestus","9":"pa_omadused-annab-hudrofoobseid-ja-antistaatilisi-omadusi","10":"pa_uhiku-hind-16-90e-l","12":"first","13":"onbackorder","14":"taxable","15":"shipping-taxable","16":"purchasable","17":"product-type-simple"},"_links":{"self":[{"href":"https:\/\/chemicalstore.ee\/ru\/wp-json\/wp\/v2\/product\/4262","targetHints":{"allow":["GET"]}}],"collection":[{"href":"https:\/\/chemicalstore.ee\/ru\/wp-json\/wp\/v2\/product"}],"about":[{"href":"https:\/\/chemicalstore.ee\/ru\/wp-json\/wp\/v2\/types\/product"}],"replies":[{"embeddable":true,"href":"https:\/\/chemicalstore.ee\/ru\/wp-json\/wp\/v2\/comments?post=4262"}],"wp:featuredmedia":[{"embeddable":true,"href":"https:\/\/chemicalstore.ee\/ru\/wp-json\/wp\/v2\/media\/4263"}],"wp:attachment":[{"href":"https:\/\/chemicalstore.ee\/ru\/wp-json\/wp\/v2\/media?parent=4262"}],"wp:term":[{"taxonomy":"product_brand","embeddable":true,"href":"https:\/\/chemicalstore.ee\/ru\/wp-json\/wp\/v2\/product_brand?post=4262"},{"taxonomy":"product_cat","embeddable":true,"href":"https:\/\/chemicalstore.ee\/ru\/wp-json\/wp\/v2\/product_cat?post=4262"},{"taxonomy":"product_tag","embeddable":true,"href":"https:\/\/chemicalstore.ee\/ru\/wp-json\/wp\/v2\/product_tag?post=4262"}],"curies":[{"name":"wp","href":"https:\/\/api.w.org\/{rel}","templated":true}]}}