{"id":4246,"date":"2024-10-02T13:13:04","date_gmt":"2024-10-02T13:13:04","guid":{"rendered":"https:\/\/chemicalstore.ee\/toode\/rauaeemaldusaineiron-remover-500ml\/"},"modified":"2026-05-06T08:01:09","modified_gmt":"2026-05-06T08:01:09","slug":"rauaeemaldusaineiron-remover-500ml","status":"publish","type":"product","link":"https:\/\/chemicalstore.ee\/ru\/toode\/rauaeemaldusaineiron-remover-500ml\/","title":{"rendered":"Rauaeemaldusaine,Iron Remover &#8211; 500ml"},"content":{"rendered":"<p>FX Protect Iron Remover on t\u00e4iustatud valemiga toode, mis suudab v\u00e4rvitud pindadelt ja velgedelt ohutult eemaldada metallilised saasteained. Eemaldab suurep\u00e4raselt piduriklotside tolmu ja t\u00f5rksad lenduvad roosteosakesed. Kasutamise ajal toimub puhastatavas pinnas keemiline reaktsioon (&#8220;verejooks&#8221;). Toode on \u00e4\u00e4rmiselt t\u00f5hus, t\u00f5hus ja lihtsalt kasutatav.<\/p>\n","protected":false},"excerpt":{"rendered":"<p>Fx Protect<\/p>\n","protected":false},"featured_media":4247,"comment_status":"closed","ping_status":"open","template":"","meta":{"_monsterinsights_skip_tracking":false,"_monsterinsights_sitenote_active":false,"_monsterinsights_sitenote_note":"","_monsterinsights_sitenote_category":0},"product_brand":[],"product_cat":[523],"product_tag":[],"class_list":{"0":"post-4246","1":"product","2":"type-product","3":"status-publish","4":"has-post-thumbnail","6":"product_cat-rehvidveljed","7":"pa_brand-fx-protect","8":"pa_kasutusotstarve-rauda-sisaldava-mustuse-eemaldamine-auto-pindadelt-velgede-pesu","9":"pa_omadused-tugev-puhastusomadus","10":"pa_uhiku-hind-21-80e-l","12":"first","13":"onbackorder","14":"taxable","15":"shipping-taxable","16":"purchasable","17":"product-type-simple"},"_links":{"self":[{"href":"https:\/\/chemicalstore.ee\/ru\/wp-json\/wp\/v2\/product\/4246","targetHints":{"allow":["GET"]}}],"collection":[{"href":"https:\/\/chemicalstore.ee\/ru\/wp-json\/wp\/v2\/product"}],"about":[{"href":"https:\/\/chemicalstore.ee\/ru\/wp-json\/wp\/v2\/types\/product"}],"replies":[{"embeddable":true,"href":"https:\/\/chemicalstore.ee\/ru\/wp-json\/wp\/v2\/comments?post=4246"}],"wp:featuredmedia":[{"embeddable":true,"href":"https:\/\/chemicalstore.ee\/ru\/wp-json\/wp\/v2\/media\/4247"}],"wp:attachment":[{"href":"https:\/\/chemicalstore.ee\/ru\/wp-json\/wp\/v2\/media?parent=4246"}],"wp:term":[{"taxonomy":"product_brand","embeddable":true,"href":"https:\/\/chemicalstore.ee\/ru\/wp-json\/wp\/v2\/product_brand?post=4246"},{"taxonomy":"product_cat","embeddable":true,"href":"https:\/\/chemicalstore.ee\/ru\/wp-json\/wp\/v2\/product_cat?post=4246"},{"taxonomy":"product_tag","embeddable":true,"href":"https:\/\/chemicalstore.ee\/ru\/wp-json\/wp\/v2\/product_tag?post=4246"}],"curies":[{"name":"wp","href":"https:\/\/api.w.org\/{rel}","templated":true}]}}