{"id":4241,"date":"2024-10-02T13:13:04","date_gmt":"2024-10-02T13:13:04","guid":{"rendered":"https:\/\/chemicalstore.ee\/toode\/rehvi-ja-kummipuhastusvahendtire-rubber-cleaner-1000ml\/"},"modified":"2024-10-02T13:13:06","modified_gmt":"2024-10-02T13:13:06","slug":"rehvi-ja-kummipuhastusvahendtire-rubber-cleaner-1000ml","status":"publish","type":"product","link":"https:\/\/chemicalstore.ee\/ru\/toode\/rehvi-ja-kummipuhastusvahendtire-rubber-cleaner-1000ml\/","title":{"rendered":"Rehvi- ja kummipuhastusvahend,Tire &#038; Rubber Cleaner &#8211; 1000ml"},"content":{"rendered":"<p>T\u00e4nu oma aktiivsele koostisele eemaldatakse FX Protect Tire &#038; Rubber Cleaner abil t\u00f5husalt t\u00f5rksad mustused, nagu rasvaplekid, \u00f5lid, piduritolm v\u00f5i teemustus. Toode on v\u00e4ga kontsentreeritud. Olenevalt saastatuse astmest v\u00f5ib FX Protect Tire &#038; Rubber Cleanerit kasutada kas kasutusvalmis tootena v\u00f5i lahjendada vahekorras 1:1 kuni 1:10. Lisaks on toodet rikastatud puhastusvahendite ja pindaktiivsete ainetega, mis h\u00f5lbustavad pealekandmist ja mahaloputamist.<\/p>\n","protected":false},"excerpt":{"rendered":"<p>Fx Protect<\/p>\n","protected":false},"featured_media":4238,"comment_status":"closed","ping_status":"open","template":"","meta":{"_monsterinsights_skip_tracking":false,"_monsterinsights_sitenote_active":false,"_monsterinsights_sitenote_note":"","_monsterinsights_sitenote_category":0},"product_brand":[],"product_cat":[523],"product_tag":[],"class_list":{"0":"post-4241","1":"product","2":"type-product","3":"status-publish","4":"has-post-thumbnail","6":"product_cat-rehvidveljed","7":"pa_brand-fx-protect","8":"pa_kasutusotstarve-rehvi-puhastus","9":"pa_omadused-tugev-puhastusomadus","10":"pa_uhiku-hind-10-90e-l","12":"first","13":"onbackorder","14":"taxable","15":"shipping-taxable","16":"purchasable","17":"product-type-simple"},"_links":{"self":[{"href":"https:\/\/chemicalstore.ee\/ru\/wp-json\/wp\/v2\/product\/4241","targetHints":{"allow":["GET"]}}],"collection":[{"href":"https:\/\/chemicalstore.ee\/ru\/wp-json\/wp\/v2\/product"}],"about":[{"href":"https:\/\/chemicalstore.ee\/ru\/wp-json\/wp\/v2\/types\/product"}],"replies":[{"embeddable":true,"href":"https:\/\/chemicalstore.ee\/ru\/wp-json\/wp\/v2\/comments?post=4241"}],"wp:featuredmedia":[{"embeddable":true,"href":"https:\/\/chemicalstore.ee\/ru\/wp-json\/wp\/v2\/media\/4238"}],"wp:attachment":[{"href":"https:\/\/chemicalstore.ee\/ru\/wp-json\/wp\/v2\/media?parent=4241"}],"wp:term":[{"taxonomy":"product_brand","embeddable":true,"href":"https:\/\/chemicalstore.ee\/ru\/wp-json\/wp\/v2\/product_brand?post=4241"},{"taxonomy":"product_cat","embeddable":true,"href":"https:\/\/chemicalstore.ee\/ru\/wp-json\/wp\/v2\/product_cat?post=4241"},{"taxonomy":"product_tag","embeddable":true,"href":"https:\/\/chemicalstore.ee\/ru\/wp-json\/wp\/v2\/product_tag?post=4241"}],"curies":[{"name":"wp","href":"https:\/\/api.w.org\/{rel}","templated":true}]}}