{"id":4225,"date":"2024-10-02T13:12:48","date_gmt":"2024-10-02T13:12:48","guid":{"rendered":"https:\/\/chemicalstore.ee\/toode\/rehvi-ja-kummikaitseainetire-rubber-protection-500ml\/"},"modified":"2024-10-02T13:13:00","modified_gmt":"2024-10-02T13:13:00","slug":"rehvi-ja-kummikaitseainetire-rubber-protection-500ml","status":"publish","type":"product","link":"https:\/\/chemicalstore.ee\/ru\/toode\/rehvi-ja-kummikaitseainetire-rubber-protection-500ml\/","title":{"rendered":"Rehvi- ja kummikaitseaine,Tire &#038; Rubber Protection &#8211; 500ml"},"content":{"rendered":"<p>FX Protect Tire &#038; Rubber Protection loob kihi, mis kaitseb kahjulike ilmastikutingimuste ja teereostuse eest. Sametine kookos\u00f5lide ja pol\u00fcmeeride segu toidab ja kaitseb kummipindu, andes neile antistaatilised, h\u00fcdrofoobsed ja satiinsed omadused. Toode on t\u00f5hus ja lihtne kasutada.<\/p>\n","protected":false},"excerpt":{"rendered":"<p>Fx Protect<\/p>\n","protected":false},"featured_media":4226,"comment_status":"closed","ping_status":"open","template":"","meta":{"_monsterinsights_skip_tracking":false,"_monsterinsights_sitenote_active":false,"_monsterinsights_sitenote_note":"","_monsterinsights_sitenote_category":0},"product_brand":[],"product_cat":[523],"product_tag":[],"class_list":{"0":"post-4225","1":"product","2":"type-product","3":"status-publish","4":"has-post-thumbnail","6":"product_cat-rehvidveljed","7":"pa_brand-fx-protect","8":"pa_kasutusotstarve-rehvi-laigestamine-ja-kaitse","9":"pa_omadused-suureparased-vetthulgavad-omadused","10":"pa_uhiku-hind-27-80e-l","12":"first","13":"onbackorder","14":"taxable","15":"shipping-taxable","16":"purchasable","17":"product-type-simple"},"_links":{"self":[{"href":"https:\/\/chemicalstore.ee\/ru\/wp-json\/wp\/v2\/product\/4225","targetHints":{"allow":["GET"]}}],"collection":[{"href":"https:\/\/chemicalstore.ee\/ru\/wp-json\/wp\/v2\/product"}],"about":[{"href":"https:\/\/chemicalstore.ee\/ru\/wp-json\/wp\/v2\/types\/product"}],"replies":[{"embeddable":true,"href":"https:\/\/chemicalstore.ee\/ru\/wp-json\/wp\/v2\/comments?post=4225"}],"wp:featuredmedia":[{"embeddable":true,"href":"https:\/\/chemicalstore.ee\/ru\/wp-json\/wp\/v2\/media\/4226"}],"wp:attachment":[{"href":"https:\/\/chemicalstore.ee\/ru\/wp-json\/wp\/v2\/media?parent=4225"}],"wp:term":[{"taxonomy":"product_brand","embeddable":true,"href":"https:\/\/chemicalstore.ee\/ru\/wp-json\/wp\/v2\/product_brand?post=4225"},{"taxonomy":"product_cat","embeddable":true,"href":"https:\/\/chemicalstore.ee\/ru\/wp-json\/wp\/v2\/product_cat?post=4225"},{"taxonomy":"product_tag","embeddable":true,"href":"https:\/\/chemicalstore.ee\/ru\/wp-json\/wp\/v2\/product_tag?post=4225"}],"curies":[{"name":"wp","href":"https:\/\/api.w.org\/{rel}","templated":true}]}}