{"id":4205,"date":"2024-10-02T13:12:48","date_gmt":"2024-10-02T13:12:48","guid":{"rendered":"https:\/\/chemicalstore.ee\/toode\/klaasipuhastusaineglass-cleaner-1000ml\/"},"modified":"2024-10-02T13:12:57","modified_gmt":"2024-10-02T13:12:57","slug":"klaasipuhastusaineglass-cleaner-1000ml","status":"publish","type":"product","link":"https:\/\/chemicalstore.ee\/ru\/toode\/klaasipuhastusaineglass-cleaner-1000ml\/","title":{"rendered":"Klaasipuhastusaine,Glass cleaner &#8211; 1000ml"},"content":{"rendered":"<p>FX Protect Glass Cleaner ei sisalda ammoniaaki ja on seet\u00f5ttu puhastatavatele pindadele ohutu. Aurustub suurep\u00e4raselt ja rasvatustab, j\u00e4tmata akendele triipe. Seda iseloomustab k\u00f5rge efektiivsus, h\u00e4mmastav t\u00f5husus ja kasutusmugavus. FX Protect Glass Cleaner on kasutusvalmis \u2013 pole vaja lahjendada.<\/p>\n","protected":false},"excerpt":{"rendered":"<p>Fx Protect<\/p>\n","protected":false},"featured_media":4206,"comment_status":"closed","ping_status":"open","template":"","meta":{"_monsterinsights_skip_tracking":false,"_monsterinsights_sitenote_active":false,"_monsterinsights_sitenote_note":"","_monsterinsights_sitenote_category":0},"product_brand":[],"product_cat":[35],"product_tag":[],"class_list":{"0":"post-4205","1":"product","2":"type-product","3":"status-publish","4":"has-post-thumbnail","6":"product_cat-puhastusvahendid-autohooldustooted","7":"pa_brand-fx-protect","8":"pa_kasutusotstarve-klaasipuhastus","9":"pa_omadused-tugev-puhastusomadus","10":"pa_uhiku-hind-9-90e-l","12":"first","13":"onbackorder","14":"taxable","15":"shipping-taxable","16":"purchasable","17":"product-type-simple"},"_links":{"self":[{"href":"https:\/\/chemicalstore.ee\/ru\/wp-json\/wp\/v2\/product\/4205","targetHints":{"allow":["GET"]}}],"collection":[{"href":"https:\/\/chemicalstore.ee\/ru\/wp-json\/wp\/v2\/product"}],"about":[{"href":"https:\/\/chemicalstore.ee\/ru\/wp-json\/wp\/v2\/types\/product"}],"replies":[{"embeddable":true,"href":"https:\/\/chemicalstore.ee\/ru\/wp-json\/wp\/v2\/comments?post=4205"}],"wp:featuredmedia":[{"embeddable":true,"href":"https:\/\/chemicalstore.ee\/ru\/wp-json\/wp\/v2\/media\/4206"}],"wp:attachment":[{"href":"https:\/\/chemicalstore.ee\/ru\/wp-json\/wp\/v2\/media?parent=4205"}],"wp:term":[{"taxonomy":"product_brand","embeddable":true,"href":"https:\/\/chemicalstore.ee\/ru\/wp-json\/wp\/v2\/product_brand?post=4205"},{"taxonomy":"product_cat","embeddable":true,"href":"https:\/\/chemicalstore.ee\/ru\/wp-json\/wp\/v2\/product_cat?post=4205"},{"taxonomy":"product_tag","embeddable":true,"href":"https:\/\/chemicalstore.ee\/ru\/wp-json\/wp\/v2\/product_tag?post=4205"}],"curies":[{"name":"wp","href":"https:\/\/api.w.org\/{rel}","templated":true}]}}