{"id":4193,"date":"2024-10-02T13:12:48","date_gmt":"2024-10-02T13:12:48","guid":{"rendered":"https:\/\/chemicalstore.ee\/toode\/naha-puhastusaineleather-cleaner-1000ml\/"},"modified":"2024-10-02T13:12:55","modified_gmt":"2024-10-02T13:12:55","slug":"naha-puhastusaineleather-cleaner-1000ml","status":"publish","type":"product","link":"https:\/\/chemicalstore.ee\/ru\/toode\/naha-puhastusaineleather-cleaner-1000ml\/","title":{"rendered":"Naha puhastusaine,Leather Cleaner  &#8211; 1000ml"},"content":{"rendered":"<p>FX Protect Leather Cleaneris sisalduv ainulaadne koostisainete koostis tagab toote maksimaalse efektiivsuse, luues polstri pinnale hingava kaitse, mis neelab UV-kiiri. Uuenduslik valem taastab naha loomuliku mati v\u00e4limuse ning lisab t\u00e4iendavat pehmust, elastsust ja meeldivat l\u00f5hna.<\/p>\n","protected":false},"excerpt":{"rendered":"<p>Fx Protect<\/p>\n","protected":false},"featured_media":4194,"comment_status":"closed","ping_status":"open","template":"","meta":{"_monsterinsights_skip_tracking":false,"_monsterinsights_sitenote_active":false,"_monsterinsights_sitenote_note":"","_monsterinsights_sitenote_category":0},"product_brand":[],"product_cat":[130],"product_tag":[],"class_list":{"0":"post-4193","1":"product","2":"type-product","3":"status-publish","4":"has-post-thumbnail","6":"product_cat-interjoor","7":"pa_brand-fx-protect","8":"pa_kasutusotstarve-naha-puhastus","9":"pa_omadused-puhastab-ja-hooldab-nahka-pohjalikult","10":"pa_uhiku-hind-19-90e-l","12":"first","13":"onbackorder","14":"taxable","15":"shipping-taxable","16":"purchasable","17":"product-type-simple"},"_links":{"self":[{"href":"https:\/\/chemicalstore.ee\/ru\/wp-json\/wp\/v2\/product\/4193","targetHints":{"allow":["GET"]}}],"collection":[{"href":"https:\/\/chemicalstore.ee\/ru\/wp-json\/wp\/v2\/product"}],"about":[{"href":"https:\/\/chemicalstore.ee\/ru\/wp-json\/wp\/v2\/types\/product"}],"replies":[{"embeddable":true,"href":"https:\/\/chemicalstore.ee\/ru\/wp-json\/wp\/v2\/comments?post=4193"}],"wp:featuredmedia":[{"embeddable":true,"href":"https:\/\/chemicalstore.ee\/ru\/wp-json\/wp\/v2\/media\/4194"}],"wp:attachment":[{"href":"https:\/\/chemicalstore.ee\/ru\/wp-json\/wp\/v2\/media?parent=4193"}],"wp:term":[{"taxonomy":"product_brand","embeddable":true,"href":"https:\/\/chemicalstore.ee\/ru\/wp-json\/wp\/v2\/product_brand?post=4193"},{"taxonomy":"product_cat","embeddable":true,"href":"https:\/\/chemicalstore.ee\/ru\/wp-json\/wp\/v2\/product_cat?post=4193"},{"taxonomy":"product_tag","embeddable":true,"href":"https:\/\/chemicalstore.ee\/ru\/wp-json\/wp\/v2\/product_tag?post=4193"}],"curies":[{"name":"wp","href":"https:\/\/api.w.org\/{rel}","templated":true}]}}