{"id":4169,"date":"2024-10-02T13:12:48","date_gmt":"2024-10-02T13:12:48","guid":{"rendered":"https:\/\/chemicalstore.ee\/toode\/interjoori-puhastusaineinterior-cleaner-1000ml\/"},"modified":"2024-10-02T13:12:52","modified_gmt":"2024-10-02T13:12:52","slug":"interjoori-puhastusaineinterior-cleaner-1000ml","status":"publish","type":"product","link":"https:\/\/chemicalstore.ee\/ru\/toode\/interjoori-puhastusaineinterior-cleaner-1000ml\/","title":{"rendered":"Interj\u00f6\u00f6ri puhastusaine,Interior Cleaner &#8211; 1000ml"},"content":{"rendered":"<p>Aktiivse hapniku valemiga on lihtne toime tulla isegi t\u00f5rksa mustusega. \u00dcks selle suurimaid eeliseid on see, et FX Protect Interior Cleaneri koostisained on peaaegu 100% looduslikku p\u00e4ritolu. See muudab selle ohutuks k\u00f5ikidele s\u00f5iduki salongi pindadele, mis vajavad puhastamist, mittetoksiliseks ja biolagunevaks. Bergamoti meeldiv ja v\u00e4rskendav l\u00f5hn neutraliseerib suurep\u00e4raselt ebameeldivad l\u00f5hnad ja v\u00e4rskendab \u00f5hku.<\/p>\n","protected":false},"excerpt":{"rendered":"<p>Fx Protect<\/p>\n","protected":false},"featured_media":4170,"comment_status":"closed","ping_status":"open","template":"","meta":{"_monsterinsights_skip_tracking":false,"_monsterinsights_sitenote_active":false,"_monsterinsights_sitenote_note":"","_monsterinsights_sitenote_category":0},"product_brand":[],"product_cat":[130],"product_tag":[],"class_list":{"0":"post-4169","1":"product","2":"type-product","3":"status-publish","4":"has-post-thumbnail","6":"product_cat-interjoor","7":"pa_brand-fx-protect","8":"pa_kasutusotstarve-interjoori-puhastus","9":"pa_uhiku-hind-12-90e-l","10":"pa_varvus-roheline","12":"first","13":"onbackorder","14":"taxable","15":"shipping-taxable","16":"purchasable","17":"product-type-simple"},"_links":{"self":[{"href":"https:\/\/chemicalstore.ee\/ru\/wp-json\/wp\/v2\/product\/4169","targetHints":{"allow":["GET"]}}],"collection":[{"href":"https:\/\/chemicalstore.ee\/ru\/wp-json\/wp\/v2\/product"}],"about":[{"href":"https:\/\/chemicalstore.ee\/ru\/wp-json\/wp\/v2\/types\/product"}],"replies":[{"embeddable":true,"href":"https:\/\/chemicalstore.ee\/ru\/wp-json\/wp\/v2\/comments?post=4169"}],"wp:featuredmedia":[{"embeddable":true,"href":"https:\/\/chemicalstore.ee\/ru\/wp-json\/wp\/v2\/media\/4170"}],"wp:attachment":[{"href":"https:\/\/chemicalstore.ee\/ru\/wp-json\/wp\/v2\/media?parent=4169"}],"wp:term":[{"taxonomy":"product_brand","embeddable":true,"href":"https:\/\/chemicalstore.ee\/ru\/wp-json\/wp\/v2\/product_brand?post=4169"},{"taxonomy":"product_cat","embeddable":true,"href":"https:\/\/chemicalstore.ee\/ru\/wp-json\/wp\/v2\/product_cat?post=4169"},{"taxonomy":"product_tag","embeddable":true,"href":"https:\/\/chemicalstore.ee\/ru\/wp-json\/wp\/v2\/product_tag?post=4169"}],"curies":[{"name":"wp","href":"https:\/\/api.w.org\/{rel}","templated":true}]}}