{"id":4161,"date":"2024-10-02T13:12:48","date_gmt":"2024-10-02T13:12:48","guid":{"rendered":"https:\/\/chemicalstore.ee\/toode\/interjoori-puhastusaineinterior-detailer-pomegranate-5000ml\/"},"modified":"2024-10-02T13:12:50","modified_gmt":"2024-10-02T13:12:50","slug":"interjoori-puhastusaineinterior-detailer-pomegranate-5000ml","status":"publish","type":"product","link":"https:\/\/chemicalstore.ee\/ru\/toode\/interjoori-puhastusaineinterior-detailer-pomegranate-5000ml\/","title":{"rendered":"Interj\u00f6\u00f6ri puhastusaine,Interior Detailer Pomegranate &#8211; 5000ml"},"content":{"rendered":"<p>FX Protect Interior Detailer on multifunktsionaalne hooldussprei, mis mitte ainult ei puhasta \u00f5rnalt, vaid ka hooldab ja kaitseb pinda. Spetsiaalselt v\u00e4lja t\u00f6\u00f6tatud valem t\u00f5rjub t\u00f5husalt tolmu ja vett ning UV-filtri sisaldus kaitseb soovimatu v\u00e4rvimuutuse eest. Samuti ei pea te muretsema triipude ja plekkide p\u00e4rast.<\/p>\n","protected":false},"excerpt":{"rendered":"<p>Fx Protect<\/p>\n","protected":false},"featured_media":4162,"comment_status":"closed","ping_status":"open","template":"","meta":{"_monsterinsights_skip_tracking":false,"_monsterinsights_sitenote_active":false,"_monsterinsights_sitenote_note":"","_monsterinsights_sitenote_category":0},"product_brand":[],"product_cat":[130],"product_tag":[],"class_list":{"0":"post-4161","1":"product","2":"type-product","3":"status-publish","4":"has-post-thumbnail","6":"product_cat-interjoor","7":"pa_brand-fx-protect","8":"pa_kasutusotstarve-interjoori-puhastus","9":"pa_uhiku-hind-6-78e-l","10":"pa_varvus-roosa","12":"first","13":"onbackorder","14":"taxable","15":"shipping-taxable","16":"purchasable","17":"product-type-simple"},"_links":{"self":[{"href":"https:\/\/chemicalstore.ee\/ru\/wp-json\/wp\/v2\/product\/4161","targetHints":{"allow":["GET"]}}],"collection":[{"href":"https:\/\/chemicalstore.ee\/ru\/wp-json\/wp\/v2\/product"}],"about":[{"href":"https:\/\/chemicalstore.ee\/ru\/wp-json\/wp\/v2\/types\/product"}],"replies":[{"embeddable":true,"href":"https:\/\/chemicalstore.ee\/ru\/wp-json\/wp\/v2\/comments?post=4161"}],"wp:featuredmedia":[{"embeddable":true,"href":"https:\/\/chemicalstore.ee\/ru\/wp-json\/wp\/v2\/media\/4162"}],"wp:attachment":[{"href":"https:\/\/chemicalstore.ee\/ru\/wp-json\/wp\/v2\/media?parent=4161"}],"wp:term":[{"taxonomy":"product_brand","embeddable":true,"href":"https:\/\/chemicalstore.ee\/ru\/wp-json\/wp\/v2\/product_brand?post=4161"},{"taxonomy":"product_cat","embeddable":true,"href":"https:\/\/chemicalstore.ee\/ru\/wp-json\/wp\/v2\/product_cat?post=4161"},{"taxonomy":"product_tag","embeddable":true,"href":"https:\/\/chemicalstore.ee\/ru\/wp-json\/wp\/v2\/product_tag?post=4161"}],"curies":[{"name":"wp","href":"https:\/\/api.w.org\/{rel}","templated":true}]}}