{"id":4145,"date":"2024-10-02T13:12:32","date_gmt":"2024-10-02T13:12:32","guid":{"rendered":"https:\/\/chemicalstore.ee\/toode\/4145\/"},"modified":"2024-10-02T13:12:45","modified_gmt":"2024-10-02T13:12:45","slug":"4145","status":"publish","type":"product","link":"https:\/\/chemicalstore.ee\/ru\/toode\/4145\/","title":{"rendered":""},"content":{"rendered":"<p>FX Protect Interior Dressing on spetsiaalselt v\u00e4lja t\u00f6\u00f6tatud mitmeotstarbeline toode, mis on m\u00f5eldud plastikust, vin\u00fc\u00fclist ja kummist materjalide hooldamiseks. Toodet on lihtne kasutada, see kaitseb suurep\u00e4raselt kaitstavaid elemente ja j\u00e4tab meeldiva l\u00f5hna.<\/p>\n","protected":false},"excerpt":{"rendered":"<p>Fx Protect<\/p>\n","protected":false},"featured_media":4146,"comment_status":"closed","ping_status":"open","template":"","meta":{"_monsterinsights_skip_tracking":false,"_monsterinsights_sitenote_active":false,"_monsterinsights_sitenote_note":"","_monsterinsights_sitenote_category":0},"product_brand":[],"product_cat":[130],"product_tag":[],"class_list":{"0":"post-4145","1":"product","2":"type-product","3":"status-publish","4":"has-post-thumbnail","6":"product_cat-interjoor","7":"pa_brand-fx-protect","8":"pa_kasutusotstarve-interjoori-kaitse","9":"pa_uhiku-hind-19-90e-l","10":"pa_varvus-valge","12":"first","13":"onbackorder","14":"taxable","15":"shipping-taxable","16":"purchasable","17":"product-type-simple"},"_links":{"self":[{"href":"https:\/\/chemicalstore.ee\/ru\/wp-json\/wp\/v2\/product\/4145","targetHints":{"allow":["GET"]}}],"collection":[{"href":"https:\/\/chemicalstore.ee\/ru\/wp-json\/wp\/v2\/product"}],"about":[{"href":"https:\/\/chemicalstore.ee\/ru\/wp-json\/wp\/v2\/types\/product"}],"replies":[{"embeddable":true,"href":"https:\/\/chemicalstore.ee\/ru\/wp-json\/wp\/v2\/comments?post=4145"}],"wp:featuredmedia":[{"embeddable":true,"href":"https:\/\/chemicalstore.ee\/ru\/wp-json\/wp\/v2\/media\/4146"}],"wp:attachment":[{"href":"https:\/\/chemicalstore.ee\/ru\/wp-json\/wp\/v2\/media?parent=4145"}],"wp:term":[{"taxonomy":"product_brand","embeddable":true,"href":"https:\/\/chemicalstore.ee\/ru\/wp-json\/wp\/v2\/product_brand?post=4145"},{"taxonomy":"product_cat","embeddable":true,"href":"https:\/\/chemicalstore.ee\/ru\/wp-json\/wp\/v2\/product_cat?post=4145"},{"taxonomy":"product_tag","embeddable":true,"href":"https:\/\/chemicalstore.ee\/ru\/wp-json\/wp\/v2\/product_tag?post=4145"}],"curies":[{"name":"wp","href":"https:\/\/api.w.org\/{rel}","templated":true}]}}