{"id":4131,"date":"2024-10-02T13:12:32","date_gmt":"2024-10-02T13:12:32","guid":{"rendered":"https:\/\/chemicalstore.ee\/toode\/puhastuspadifinest-interior-scrub-pad-fx-protect\/"},"modified":"2024-10-02T13:12:44","modified_gmt":"2024-10-02T13:12:44","slug":"puhastuspadifinest-interior-scrub-pad-fx-protect","status":"publish","type":"product","link":"https:\/\/chemicalstore.ee\/ru\/toode\/puhastuspadifinest-interior-scrub-pad-fx-protect\/","title":{"rendered":"Puhastuspadi,FINEST INTERIOR SCRUB PAD &#8211; Fx Protect"},"content":{"rendered":"<p>FX Protect Finest Interior Scrub Pad&#8221; t\u00f6\u00f6tati v\u00e4lja 100% koost\u00f6\u00f6s Korea tehasega, t\u00e4nu nende kiudude kvaliteedile, suurele veeimavusele ja vastupidavusele kuni Maksimaalse vastupidavuse tagamiseks tagab hoolikas \u00f5mblusprotsess suurep\u00e4rase kvaliteedi s\u00e4ilimise ka p\u00e4rast paljusid pesusid ning korraliku hoolduse korral saab Korea mikrokiudu pesta isegi kuni 300 korda.<\/p>\n","protected":false},"excerpt":{"rendered":"<p>Fx Protect<\/p>\n","protected":false},"featured_media":4132,"comment_status":"closed","ping_status":"open","template":"","meta":{"_monsterinsights_skip_tracking":false,"_monsterinsights_sitenote_active":false,"_monsterinsights_sitenote_note":"","_monsterinsights_sitenote_category":0},"product_brand":[],"product_cat":[130],"product_tag":[],"class_list":{"0":"post-4131","1":"product","2":"type-product","3":"status-publish","4":"has-post-thumbnail","6":"product_cat-interjoor","7":"pa_brand-fx-protect","8":"pa_kasutusotstarve-interjoori-puhastus","9":"pa_materjal-mikrokiud","10":"pa_uhiku-hind-7-90e-tk","12":"first","13":"onbackorder","14":"taxable","15":"shipping-taxable","16":"purchasable","17":"product-type-simple"},"_links":{"self":[{"href":"https:\/\/chemicalstore.ee\/ru\/wp-json\/wp\/v2\/product\/4131","targetHints":{"allow":["GET"]}}],"collection":[{"href":"https:\/\/chemicalstore.ee\/ru\/wp-json\/wp\/v2\/product"}],"about":[{"href":"https:\/\/chemicalstore.ee\/ru\/wp-json\/wp\/v2\/types\/product"}],"replies":[{"embeddable":true,"href":"https:\/\/chemicalstore.ee\/ru\/wp-json\/wp\/v2\/comments?post=4131"}],"wp:featuredmedia":[{"embeddable":true,"href":"https:\/\/chemicalstore.ee\/ru\/wp-json\/wp\/v2\/media\/4132"}],"wp:attachment":[{"href":"https:\/\/chemicalstore.ee\/ru\/wp-json\/wp\/v2\/media?parent=4131"}],"wp:term":[{"taxonomy":"product_brand","embeddable":true,"href":"https:\/\/chemicalstore.ee\/ru\/wp-json\/wp\/v2\/product_brand?post=4131"},{"taxonomy":"product_cat","embeddable":true,"href":"https:\/\/chemicalstore.ee\/ru\/wp-json\/wp\/v2\/product_cat?post=4131"},{"taxonomy":"product_tag","embeddable":true,"href":"https:\/\/chemicalstore.ee\/ru\/wp-json\/wp\/v2\/product_tag?post=4131"}],"curies":[{"name":"wp","href":"https:\/\/api.w.org\/{rel}","templated":true}]}}