{"id":4122,"date":"2024-10-02T13:12:32","date_gmt":"2024-10-02T13:12:32","guid":{"rendered":"https:\/\/chemicalstore.ee\/toode\/pesukinnasultra-glide-wash-mitt-fx-protect\/"},"modified":"2024-10-02T13:12:43","modified_gmt":"2024-10-02T13:12:43","slug":"pesukinnasultra-glide-wash-mitt-fx-protect","status":"publish","type":"product","link":"https:\/\/chemicalstore.ee\/ru\/toode\/pesukinnasultra-glide-wash-mitt-fx-protect\/","title":{"rendered":"Pesukinnas,ULTRA GLIDE WASH MITT &#8211; Fx Protect"},"content":{"rendered":"<p>FX Protect Ultra Glide Wash Mitt on v\u00e4ga pehme ja \u00fcliimav kinnas, mis on valmistatud kvaliteetsest pl\u00fc\u00fcsist mikrofiibrist 7% viskoosisisaldusega. Varustatud elastse ribaga, kohandub see ideaalselt k\u00e4ega ja tagab pesemisel maksimaalse mugavuse. Lisasime kinda sisemusse vahu, et pakkuda elastsust ja t\u00e4iendavat veeimavust. Valmistatud L\u00f5una-Koreas.<\/p>\n","protected":false},"excerpt":{"rendered":"<p>Fx Protect<\/p>\n","protected":false},"featured_media":4123,"comment_status":"closed","ping_status":"open","template":"","meta":{"_monsterinsights_skip_tracking":false,"_monsterinsights_sitenote_active":false,"_monsterinsights_sitenote_note":"","_monsterinsights_sitenote_category":0},"product_brand":[],"product_cat":[46],"product_tag":[],"class_list":{"0":"post-4122","1":"product","2":"type-product","3":"status-publish","4":"has-post-thumbnail","6":"product_cat-autohooldus-muu","7":"pa_brand-fx-protect","8":"pa_kasutusotstarve-auto-kindapesu","9":"pa_materjal-mikrokiud","10":"pa_uhiku-hind-15-90e-tk","12":"first","13":"onbackorder","14":"taxable","15":"shipping-taxable","16":"purchasable","17":"product-type-simple"},"_links":{"self":[{"href":"https:\/\/chemicalstore.ee\/ru\/wp-json\/wp\/v2\/product\/4122","targetHints":{"allow":["GET"]}}],"collection":[{"href":"https:\/\/chemicalstore.ee\/ru\/wp-json\/wp\/v2\/product"}],"about":[{"href":"https:\/\/chemicalstore.ee\/ru\/wp-json\/wp\/v2\/types\/product"}],"replies":[{"embeddable":true,"href":"https:\/\/chemicalstore.ee\/ru\/wp-json\/wp\/v2\/comments?post=4122"}],"wp:featuredmedia":[{"embeddable":true,"href":"https:\/\/chemicalstore.ee\/ru\/wp-json\/wp\/v2\/media\/4123"}],"wp:attachment":[{"href":"https:\/\/chemicalstore.ee\/ru\/wp-json\/wp\/v2\/media?parent=4122"}],"wp:term":[{"taxonomy":"product_brand","embeddable":true,"href":"https:\/\/chemicalstore.ee\/ru\/wp-json\/wp\/v2\/product_brand?post=4122"},{"taxonomy":"product_cat","embeddable":true,"href":"https:\/\/chemicalstore.ee\/ru\/wp-json\/wp\/v2\/product_cat?post=4122"},{"taxonomy":"product_tag","embeddable":true,"href":"https:\/\/chemicalstore.ee\/ru\/wp-json\/wp\/v2\/product_tag?post=4122"}],"curies":[{"name":"wp","href":"https:\/\/api.w.org\/{rel}","templated":true}]}}