{"id":4097,"date":"2024-10-02T13:12:32","date_gmt":"2024-10-02T13:12:32","guid":{"rendered":"https:\/\/chemicalstore.ee\/toode\/pesukinnasshaggy-mini-wash-mitt-fx-protect\/"},"modified":"2024-10-02T13:12:41","modified_gmt":"2024-10-02T13:12:41","slug":"pesukinnasshaggy-mini-wash-mitt-fx-protect","status":"publish","type":"product","link":"https:\/\/chemicalstore.ee\/ru\/toode\/pesukinnasshaggy-mini-wash-mitt-fx-protect\/","title":{"rendered":"Pesukinnas,SHAGGY MINI WASH MITT &#8211; Fx Protect"},"content":{"rendered":"<p>Mini pesukinnas? Palun! Valmistatud kvaliteetsest pl\u00fc\u00fcsist mikrofiibrist, mis muudab selle uskumatult pehmeks ja painduvaks. Pind on valmistatud kolme t\u00fc\u00fcpi libisevatest kiududest koos p\u00f5imimisega tagab maksimaalse ohutuse pesemise ajal ning ergonoomiline kuju v\u00f5imaldab h\u00f5lpsalt pesta velgi, ukse s\u00fcvendeid ja paljusid muid raskesti ligip\u00e4\u00e4setavaid kohti.<\/p>\n","protected":false},"excerpt":{"rendered":"<p>Fx Protect<\/p>\n","protected":false},"featured_media":4098,"comment_status":"closed","ping_status":"open","template":"","meta":{"_monsterinsights_skip_tracking":false,"_monsterinsights_sitenote_active":false,"_monsterinsights_sitenote_note":"","_monsterinsights_sitenote_category":0},"product_brand":[],"product_cat":[46],"product_tag":[],"class_list":{"0":"post-4097","1":"product","2":"type-product","3":"status-publish","4":"has-post-thumbnail","6":"product_cat-autohooldus-muu","7":"pa_brand-fx-protect","8":"pa_kasutusotstarve-velje-kindapesu","9":"pa_materjal-mikrokiud","10":"pa_uhiku-hind-9-90e-tk","12":"first","13":"onbackorder","14":"taxable","15":"shipping-taxable","16":"purchasable","17":"product-type-simple"},"_links":{"self":[{"href":"https:\/\/chemicalstore.ee\/ru\/wp-json\/wp\/v2\/product\/4097","targetHints":{"allow":["GET"]}}],"collection":[{"href":"https:\/\/chemicalstore.ee\/ru\/wp-json\/wp\/v2\/product"}],"about":[{"href":"https:\/\/chemicalstore.ee\/ru\/wp-json\/wp\/v2\/types\/product"}],"replies":[{"embeddable":true,"href":"https:\/\/chemicalstore.ee\/ru\/wp-json\/wp\/v2\/comments?post=4097"}],"wp:featuredmedia":[{"embeddable":true,"href":"https:\/\/chemicalstore.ee\/ru\/wp-json\/wp\/v2\/media\/4098"}],"wp:attachment":[{"href":"https:\/\/chemicalstore.ee\/ru\/wp-json\/wp\/v2\/media?parent=4097"}],"wp:term":[{"taxonomy":"product_brand","embeddable":true,"href":"https:\/\/chemicalstore.ee\/ru\/wp-json\/wp\/v2\/product_brand?post=4097"},{"taxonomy":"product_cat","embeddable":true,"href":"https:\/\/chemicalstore.ee\/ru\/wp-json\/wp\/v2\/product_cat?post=4097"},{"taxonomy":"product_tag","embeddable":true,"href":"https:\/\/chemicalstore.ee\/ru\/wp-json\/wp\/v2\/product_tag?post=4097"}],"curies":[{"name":"wp","href":"https:\/\/api.w.org\/{rel}","templated":true}]}}