{"id":4088,"date":"2024-10-02T13:12:32","date_gmt":"2024-10-02T13:12:32","guid":{"rendered":"https:\/\/chemicalstore.ee\/toode\/mikrofiiberlapidmystic-blue-towel-fx-protect\/"},"modified":"2024-10-02T13:12:41","modified_gmt":"2024-10-02T13:12:41","slug":"mikrofiiberlapidmystic-blue-towel-fx-protect","status":"publish","type":"product","link":"https:\/\/chemicalstore.ee\/ru\/toode\/mikrofiiberlapidmystic-blue-towel-fx-protect\/","title":{"rendered":"Mikrofiiberlapid,MYSTIC BLUE towel &#8211; Fx Protect"},"content":{"rendered":"<p>Mystic blue on pehme ja kohev poleerimislapp, mille pikad harjased muudavad selle \u00fclimalt \u00f5rnaks igale pinnale. Lapi struktuur on optimeeritud \u00f5rna pinnat\u00f6\u00f6tluse jaoks ning see on parim, kui seda kasutatakse n\u00e4iteks vahatamise, katmise v\u00f5i poleerimisega seoses. Lapi \u00f5mblusteta struktuur ja asjaolu, et see ei ole pestav, v\u00f5imaldab lappi muretult kasutada ka tundlikel pindadel, kuna sellel puuduvad omadused, mis v\u00f5iksid t\u00f6\u00f6deldavat pinda t\u00f5en\u00e4oliselt kriimustada. Poleerimislapi suurus on 40 x 40 cm.<\/p>\n","protected":false},"excerpt":{"rendered":"<p>Fx Protect<\/p>\n","protected":false},"featured_media":4089,"comment_status":"closed","ping_status":"open","template":"","meta":{"_monsterinsights_skip_tracking":false,"_monsterinsights_sitenote_active":false,"_monsterinsights_sitenote_note":"","_monsterinsights_sitenote_category":0},"product_brand":[],"product_cat":[86],"product_tag":[],"class_list":{"0":"post-4088","1":"product","2":"type-product","3":"status-publish","4":"has-post-thumbnail","6":"product_cat-poleerimine","7":"pa_brand-fx-protect","8":"pa_kasutusotstarve-poleerimispasta-ara-puhkimine","9":"pa_materjal-mikrokiud","10":"pa_uhiku-hind-3-90e-tk","12":"first","13":"onbackorder","14":"taxable","15":"shipping-taxable","16":"purchasable","17":"product-type-simple"},"_links":{"self":[{"href":"https:\/\/chemicalstore.ee\/ru\/wp-json\/wp\/v2\/product\/4088","targetHints":{"allow":["GET"]}}],"collection":[{"href":"https:\/\/chemicalstore.ee\/ru\/wp-json\/wp\/v2\/product"}],"about":[{"href":"https:\/\/chemicalstore.ee\/ru\/wp-json\/wp\/v2\/types\/product"}],"replies":[{"embeddable":true,"href":"https:\/\/chemicalstore.ee\/ru\/wp-json\/wp\/v2\/comments?post=4088"}],"wp:featuredmedia":[{"embeddable":true,"href":"https:\/\/chemicalstore.ee\/ru\/wp-json\/wp\/v2\/media\/4089"}],"wp:attachment":[{"href":"https:\/\/chemicalstore.ee\/ru\/wp-json\/wp\/v2\/media?parent=4088"}],"wp:term":[{"taxonomy":"product_brand","embeddable":true,"href":"https:\/\/chemicalstore.ee\/ru\/wp-json\/wp\/v2\/product_brand?post=4088"},{"taxonomy":"product_cat","embeddable":true,"href":"https:\/\/chemicalstore.ee\/ru\/wp-json\/wp\/v2\/product_cat?post=4088"},{"taxonomy":"product_tag","embeddable":true,"href":"https:\/\/chemicalstore.ee\/ru\/wp-json\/wp\/v2\/product_tag?post=4088"}],"curies":[{"name":"wp","href":"https:\/\/api.w.org\/{rel}","templated":true}]}}