{"id":4080,"date":"2024-10-02T13:12:32","date_gmt":"2024-10-02T13:12:32","guid":{"rendered":"https:\/\/chemicalstore.ee\/toode\/keraamilise-kaitse-lapidseude-towel-fx-protect-2\/"},"modified":"2024-10-02T13:12:40","modified_gmt":"2024-10-02T13:12:40","slug":"keraamilise-kaitse-lapidseude-towel-fx-protect-2","status":"publish","type":"product","link":"https:\/\/chemicalstore.ee\/ru\/toode\/keraamilise-kaitse-lapidseude-towel-fx-protect-2\/","title":{"rendered":"keraamilise kaitse lapid,Seude towel &#8211; Fx Protect"},"content":{"rendered":"<p>Seude towel on kvaliteetne seemisnaha pinnaga mikrokiudlapp, mis on m\u00f5eldud spetsiaalselt katte pealekandmiseks.Lapi v\u00e4ga l\u00fchikese kiuga &#8220;seemisnahast&#8221; pind ei j\u00e4ta maha kiudu, seega sobib see suurep\u00e4rast t\u00e4psust ja t\u00e4iuslikku l\u00f5pptulemust n\u00f5udvateks pindamist\u00f6\u00f6deks. Lapil pole absoluutselt \u00f5mmeldud servi, mustreid ega muid ebatasasi kohti, mis v\u00f5imaldab t\u00e4iuslikku pealekandmist. Lappe saab kasutada ka n\u00e4iteks klaaside, ekraanide v\u00f5i muude v\u00e4ikeste klaaspindade puhastamiseks.<\/p>\n","protected":false},"excerpt":{"rendered":"<p>Fx Protect<\/p>\n","protected":false},"featured_media":4081,"comment_status":"closed","ping_status":"open","template":"","meta":{"_monsterinsights_skip_tracking":false,"_monsterinsights_sitenote_active":false,"_monsterinsights_sitenote_note":"","_monsterinsights_sitenote_category":0},"product_brand":[],"product_cat":[27],"product_tag":[],"class_list":{"0":"post-4080","1":"product","2":"type-product","3":"status-publish","4":"has-post-thumbnail","6":"product_cat-kaitseained","7":"pa_brand-fx-protect","8":"pa_kasutusotstarve-keraamilise-kaitse-pealekandmine","9":"pa_materjal-mikrokiud","10":"pa_uhiku-hind-0-79e-tk","12":"first","13":"onbackorder","14":"taxable","15":"shipping-taxable","16":"purchasable","17":"product-type-simple"},"_links":{"self":[{"href":"https:\/\/chemicalstore.ee\/ru\/wp-json\/wp\/v2\/product\/4080","targetHints":{"allow":["GET"]}}],"collection":[{"href":"https:\/\/chemicalstore.ee\/ru\/wp-json\/wp\/v2\/product"}],"about":[{"href":"https:\/\/chemicalstore.ee\/ru\/wp-json\/wp\/v2\/types\/product"}],"replies":[{"embeddable":true,"href":"https:\/\/chemicalstore.ee\/ru\/wp-json\/wp\/v2\/comments?post=4080"}],"wp:featuredmedia":[{"embeddable":true,"href":"https:\/\/chemicalstore.ee\/ru\/wp-json\/wp\/v2\/media\/4081"}],"wp:attachment":[{"href":"https:\/\/chemicalstore.ee\/ru\/wp-json\/wp\/v2\/media?parent=4080"}],"wp:term":[{"taxonomy":"product_brand","embeddable":true,"href":"https:\/\/chemicalstore.ee\/ru\/wp-json\/wp\/v2\/product_brand?post=4080"},{"taxonomy":"product_cat","embeddable":true,"href":"https:\/\/chemicalstore.ee\/ru\/wp-json\/wp\/v2\/product_cat?post=4080"},{"taxonomy":"product_tag","embeddable":true,"href":"https:\/\/chemicalstore.ee\/ru\/wp-json\/wp\/v2\/product_tag?post=4080"}],"curies":[{"name":"wp","href":"https:\/\/api.w.org\/{rel}","templated":true}]}}