{"id":4048,"date":"2024-10-02T13:12:32","date_gmt":"2024-10-02T13:12:32","guid":{"rendered":"https:\/\/chemicalstore.ee\/toode\/rehvi-aplikaatortire-dressing-applicator-fx-protect\/"},"modified":"2024-11-04T19:22:41","modified_gmt":"2024-11-04T19:22:41","slug":"rehvi-aplikaatortire-dressing-applicator-fx-protect","status":"publish","type":"product","link":"https:\/\/chemicalstore.ee\/ru\/toode\/rehvi-aplikaatortire-dressing-applicator-fx-protect\/","title":{"rendered":"Rehvi aplikaator,TIRE DRESSING APPLICATOR &#8211; Fx Protect"},"content":{"rendered":"<p>rehvil\u00e4igestus aplikaator, mis on suurep\u00e4rane t\u00f6\u00f6riist neile, kes hoolivad oma auto hooldatud v\u00e4limusest.Rehvi aplikaatori abil saab rehv igast k\u00fcljest \u00fchtlase kihi ja j\u00e4lg on korralik. T\u00e4nu kumerale disainile on l\u00e4igesti Rehvi pealekandjaga lihtne rehvile kanda, olgu tegemist madala v\u00f5i k\u00f5rge profiiliga rehvidega.T\u00e4nu oma v\u00e4iksusele mahub aplikaator ideaalselt ka k\u00e4tte ning t\u00f6\u00f6tlemine on mugav ja m\u00f5nus. Laoturil on tugevdatud k\u00e4epide, mis muudab k\u00e4sna k\u00e4sitsemise lihtsamaks.<\/p>\n","protected":false},"excerpt":{"rendered":"<p>Fx Protect<\/p>\n","protected":false},"featured_media":4049,"comment_status":"closed","ping_status":"open","template":"","meta":{"_monsterinsights_skip_tracking":false,"_monsterinsights_sitenote_active":false,"_monsterinsights_sitenote_note":"","_monsterinsights_sitenote_category":0},"product_brand":[],"product_cat":[523],"product_tag":[],"class_list":{"0":"post-4048","1":"product","2":"type-product","3":"status-publish","4":"has-post-thumbnail","6":"product_cat-rehvidveljed","7":"pa_brand-fx-protect","8":"pa_kasutusotstarve-kaitseaine-pealekandmine","9":"pa_materjal-vahtplast","10":"pa_uhiku-hind-4-90e-tk","12":"first","13":"onbackorder","14":"taxable","15":"shipping-taxable","16":"purchasable","17":"product-type-simple"},"_links":{"self":[{"href":"https:\/\/chemicalstore.ee\/ru\/wp-json\/wp\/v2\/product\/4048","targetHints":{"allow":["GET"]}}],"collection":[{"href":"https:\/\/chemicalstore.ee\/ru\/wp-json\/wp\/v2\/product"}],"about":[{"href":"https:\/\/chemicalstore.ee\/ru\/wp-json\/wp\/v2\/types\/product"}],"replies":[{"embeddable":true,"href":"https:\/\/chemicalstore.ee\/ru\/wp-json\/wp\/v2\/comments?post=4048"}],"wp:featuredmedia":[{"embeddable":true,"href":"https:\/\/chemicalstore.ee\/ru\/wp-json\/wp\/v2\/media\/4049"}],"wp:attachment":[{"href":"https:\/\/chemicalstore.ee\/ru\/wp-json\/wp\/v2\/media?parent=4048"}],"wp:term":[{"taxonomy":"product_brand","embeddable":true,"href":"https:\/\/chemicalstore.ee\/ru\/wp-json\/wp\/v2\/product_brand?post=4048"},{"taxonomy":"product_cat","embeddable":true,"href":"https:\/\/chemicalstore.ee\/ru\/wp-json\/wp\/v2\/product_cat?post=4048"},{"taxonomy":"product_tag","embeddable":true,"href":"https:\/\/chemicalstore.ee\/ru\/wp-json\/wp\/v2\/product_tag?post=4048"}],"curies":[{"name":"wp","href":"https:\/\/api.w.org\/{rel}","templated":true}]}}