{"id":4041,"date":"2024-10-02T13:12:32","date_gmt":"2024-10-02T13:12:32","guid":{"rendered":"https:\/\/chemicalstore.ee\/toode\/mikrofiiber-aplikaatormicrofiber-sponge-applicator-white-fx-protect\/"},"modified":"2024-11-07T18:31:04","modified_gmt":"2024-11-07T18:31:04","slug":"mikrofiiber-aplikaatormicrofiber-sponge-applicator-white-fx-protect","status":"publish","type":"product","link":"https:\/\/chemicalstore.ee\/ru\/toode\/mikrofiiber-aplikaatormicrofiber-sponge-applicator-white-fx-protect\/","title":{"rendered":"Mikrofiiber aplikaator,MICROFIBER SPONGE APPLICATOR, white &#8211; Fx Protect"},"content":{"rendered":"<p>Mikrofiiber aplikaator on m\u00f5eldud erinevate kaitseainete,nagu keraamilise kaitse ja erinevate plastik l\u00e4igestite pealekandmiseks.Mugav s\u00f5rmetasku muudab detailide t\u00f6\u00f6tlemise lihtsaks ja ei tekki ohtu,et aplikaator v\u00f5ib maha kukkudes ja m\u00e4\u00e4rduda.<\/p>\n","protected":false},"excerpt":{"rendered":"<p>Fx Protect<\/p>\n","protected":false},"featured_media":4042,"comment_status":"closed","ping_status":"open","template":"","meta":{"_monsterinsights_skip_tracking":false,"_monsterinsights_sitenote_active":false,"_monsterinsights_sitenote_note":"","_monsterinsights_sitenote_category":0},"product_brand":[],"product_cat":[130],"product_tag":[],"class_list":{"0":"post-4041","1":"product","2":"type-product","3":"status-publish","4":"has-post-thumbnail","6":"product_cat-interjoor","7":"pa_brand-fx-protect","8":"pa_kasutusotstarve-kaitseaine-pealekandmine","9":"pa_materjal-mikrofiiber","10":"pa_uhiku-hind-2-90e-tk","12":"first","13":"onbackorder","14":"taxable","15":"shipping-taxable","16":"purchasable","17":"product-type-simple"},"_links":{"self":[{"href":"https:\/\/chemicalstore.ee\/ru\/wp-json\/wp\/v2\/product\/4041","targetHints":{"allow":["GET"]}}],"collection":[{"href":"https:\/\/chemicalstore.ee\/ru\/wp-json\/wp\/v2\/product"}],"about":[{"href":"https:\/\/chemicalstore.ee\/ru\/wp-json\/wp\/v2\/types\/product"}],"replies":[{"embeddable":true,"href":"https:\/\/chemicalstore.ee\/ru\/wp-json\/wp\/v2\/comments?post=4041"}],"wp:featuredmedia":[{"embeddable":true,"href":"https:\/\/chemicalstore.ee\/ru\/wp-json\/wp\/v2\/media\/4042"}],"wp:attachment":[{"href":"https:\/\/chemicalstore.ee\/ru\/wp-json\/wp\/v2\/media?parent=4041"}],"wp:term":[{"taxonomy":"product_brand","embeddable":true,"href":"https:\/\/chemicalstore.ee\/ru\/wp-json\/wp\/v2\/product_brand?post=4041"},{"taxonomy":"product_cat","embeddable":true,"href":"https:\/\/chemicalstore.ee\/ru\/wp-json\/wp\/v2\/product_cat?post=4041"},{"taxonomy":"product_tag","embeddable":true,"href":"https:\/\/chemicalstore.ee\/ru\/wp-json\/wp\/v2\/product_tag?post=4041"}],"curies":[{"name":"wp","href":"https:\/\/api.w.org\/{rel}","templated":true}]}}