{"id":3948,"date":"2024-10-02T13:12:32","date_gmt":"2024-10-02T13:12:32","guid":{"rendered":"https:\/\/chemicalstore.ee\/toode\/puhastusharileather-brush-fx-protect\/"},"modified":"2024-10-02T13:12:35","modified_gmt":"2024-10-02T13:12:35","slug":"puhastusharileather-brush-fx-protect","status":"publish","type":"product","link":"https:\/\/chemicalstore.ee\/ru\/toode\/puhastusharileather-brush-fx-protect\/","title":{"rendered":"Puhastushari,Leather brush &#8211; Fx Protect"},"content":{"rendered":"<p>Hari,mis on m\u00f5eldud mustuse eemaldamiseks nahkpolstri pinnalt. \u00d5rnad harjased muudavad nahapuhastusvahendid v\u00e4ga lihtsaks teatud alale laiali ja tungivad selle s\u00fcgavamatesse pooridesse.Puidust k\u00e4epide teeb omakorda toote v\u00e4ga vastupidavaks ja muudab selle t\u00f6\u00f6tamise ajal k\u00e4es hoidmise v\u00e4ga mugavaks.<\/p>\n","protected":false},"excerpt":{"rendered":"<p>Fx Protect<\/p>\n","protected":false},"featured_media":3953,"comment_status":"closed","ping_status":"open","template":"","meta":{"_monsterinsights_skip_tracking":false,"_monsterinsights_sitenote_active":false,"_monsterinsights_sitenote_note":"","_monsterinsights_sitenote_category":0},"product_brand":[],"product_cat":[130],"product_tag":[],"class_list":{"0":"post-3948","1":"product","2":"type-product","3":"status-publish","4":"has-post-thumbnail","6":"product_cat-interjoor","7":"pa_brand-fx-protect","8":"pa_hari-pehme","9":"pa_kasutusotstarve-interjoori-puhastus","10":"pa_uhiku-hind-4-90e-tk","12":"first","13":"instock","14":"taxable","15":"shipping-taxable","16":"purchasable","17":"product-type-simple"},"_links":{"self":[{"href":"https:\/\/chemicalstore.ee\/ru\/wp-json\/wp\/v2\/product\/3948","targetHints":{"allow":["GET"]}}],"collection":[{"href":"https:\/\/chemicalstore.ee\/ru\/wp-json\/wp\/v2\/product"}],"about":[{"href":"https:\/\/chemicalstore.ee\/ru\/wp-json\/wp\/v2\/types\/product"}],"replies":[{"embeddable":true,"href":"https:\/\/chemicalstore.ee\/ru\/wp-json\/wp\/v2\/comments?post=3948"}],"wp:featuredmedia":[{"embeddable":true,"href":"https:\/\/chemicalstore.ee\/ru\/wp-json\/wp\/v2\/media\/3953"}],"wp:attachment":[{"href":"https:\/\/chemicalstore.ee\/ru\/wp-json\/wp\/v2\/media?parent=3948"}],"wp:term":[{"taxonomy":"product_brand","embeddable":true,"href":"https:\/\/chemicalstore.ee\/ru\/wp-json\/wp\/v2\/product_brand?post=3948"},{"taxonomy":"product_cat","embeddable":true,"href":"https:\/\/chemicalstore.ee\/ru\/wp-json\/wp\/v2\/product_cat?post=3948"},{"taxonomy":"product_tag","embeddable":true,"href":"https:\/\/chemicalstore.ee\/ru\/wp-json\/wp\/v2\/product_tag?post=3948"}],"curies":[{"name":"wp","href":"https:\/\/api.w.org\/{rel}","templated":true}]}}