{"id":3946,"date":"2024-10-02T13:12:32","date_gmt":"2024-10-02T13:12:32","guid":{"rendered":"https:\/\/chemicalstore.ee\/toode\/nahahooldus-komplektleather-set-1kmpl\/"},"modified":"2025-09-24T09:55:52","modified_gmt":"2025-09-24T09:55:52","slug":"nahahooldus-komplektleather-set-1kmpl","status":"publish","type":"product","link":"https:\/\/chemicalstore.ee\/ru\/toode\/nahahooldus-komplektleather-set-1kmpl\/","title":{"rendered":"Nahahooldus komplekt,Leather set  &#8211; 1kmpl"},"content":{"rendered":"<p>Arvan, et n\u00f5ustute meiega, et nahkpolster annab interj\u00f6\u00f6rile elegantsi, klassi ja \u0161iki. Et see aga stiilne ja ilus v\u00e4lja n\u00e4eks, peab see olema hoolitsetud ja katsudes pehme. M\u00f5istame, et nahkpolstri \u00f5rna struktuuri eest hoolitsemine v\u00f5ib olla peadp\u00f6\u00f6ritav, nagu ka \u00f5ige kosmeetika valimine. On t\u00f5si, et nahk n\u00f5uab korralikku hoolt ja t\u00e4helepanu detailidele, kuid oleme kindlad, et visuaalsed efektid tasuvad alati teie aega. Kogu selle protsessi teie jaoks lihtsamaks muutmiseks oleme loonud nahkpolstri hoolduskomplekti LEATHER SET, millest leiate kogu vajaliku kosmeetika ja tarvikud.<\/p>\n","protected":false},"excerpt":{"rendered":"<p>Fx Protect<\/p>\n","protected":false},"featured_media":3956,"comment_status":"closed","ping_status":"open","template":"","meta":{"_monsterinsights_skip_tracking":false,"_monsterinsights_sitenote_active":false,"_monsterinsights_sitenote_note":"","_monsterinsights_sitenote_category":0},"product_brand":[],"product_cat":[130],"product_tag":[],"class_list":{"0":"post-3946","1":"product","2":"type-product","3":"status-publish","4":"has-post-thumbnail","6":"product_cat-interjoor","7":"pa_brand-fx-protect","8":"pa_kasutusotstarve-nahkpolstri-puhastus","9":"pa_maht-nahapuhastusvahend-170ml-nahahooldus-150ml-blue-sky-mikrokiust-ratik-nahast-pintsel-mini-nahahari-mikrofiibrist-valmistatud-valge-kasn-aplikaator-mini-juhend-nahkpolstri-hooldamiseks","10":"pa_uhiku-hind-_value","12":"first","13":"instock","14":"taxable","15":"shipping-taxable","16":"purchasable","17":"product-type-simple"},"_links":{"self":[{"href":"https:\/\/chemicalstore.ee\/ru\/wp-json\/wp\/v2\/product\/3946","targetHints":{"allow":["GET"]}}],"collection":[{"href":"https:\/\/chemicalstore.ee\/ru\/wp-json\/wp\/v2\/product"}],"about":[{"href":"https:\/\/chemicalstore.ee\/ru\/wp-json\/wp\/v2\/types\/product"}],"replies":[{"embeddable":true,"href":"https:\/\/chemicalstore.ee\/ru\/wp-json\/wp\/v2\/comments?post=3946"}],"wp:featuredmedia":[{"embeddable":true,"href":"https:\/\/chemicalstore.ee\/ru\/wp-json\/wp\/v2\/media\/3956"}],"wp:attachment":[{"href":"https:\/\/chemicalstore.ee\/ru\/wp-json\/wp\/v2\/media?parent=3946"}],"wp:term":[{"taxonomy":"product_brand","embeddable":true,"href":"https:\/\/chemicalstore.ee\/ru\/wp-json\/wp\/v2\/product_brand?post=3946"},{"taxonomy":"product_cat","embeddable":true,"href":"https:\/\/chemicalstore.ee\/ru\/wp-json\/wp\/v2\/product_cat?post=3946"},{"taxonomy":"product_tag","embeddable":true,"href":"https:\/\/chemicalstore.ee\/ru\/wp-json\/wp\/v2\/product_tag?post=3946"}],"curies":[{"name":"wp","href":"https:\/\/api.w.org\/{rel}","templated":true}]}}