{"id":3945,"date":"2024-11-16T14:29:01","date_gmt":"2024-11-16T14:29:01","guid":{"rendered":"https:\/\/chemicalstore.ee\/toode\/porandakatedr-dirt-garage-plaza-hd-1pk\/"},"modified":"2024-11-16T14:29:02","modified_gmt":"2024-11-16T14:29:02","slug":"porandakatedr-dirt-garage-plaza-hd-dr-dirt","status":"publish","type":"product","link":"https:\/\/chemicalstore.ee\/ru\/toode\/porandakatedr-dirt-garage-plaza-hd-dr-dirt\/","title":{"rendered":"P\u00f5randakate,Dr Dirt Garage Plaza HD &#8211; Dr Dirt"},"content":{"rendered":"<p>Dr Dirt Garage Plaza HD on moodulp\u00f5randakatteplaat, mille abil saab v\u00e4rskendada iga ruumi v\u00e4limust t\u00e4iesti uueks. Nii sise- kui v\u00e4listingimustes kasutamiseks sobivad Garage Plaza HD ruudustikuplaadid on v\u00e4lja t\u00f6\u00f6tatud selleks, et anda garaa\u017eidele, ladudele, terrassidele ja m\u00fc\u00fcgisaalidele stiilne v\u00e4limus ning nende eesm\u00e4rk on ka t\u00f6\u00f6tegemist ja liikumist lihtsamaks muuta. Plaatide ainulaadne struktuur ja Non-Slip kate takistavad vee kogunemist plaatidele ning tagavad suurep\u00e4rase haardumise ka siis, kui plaadid v\u00f5i jalan\u00f5ud on m\u00e4rjad. T\u00e4nu suurtele veesoontele transporditakse plaatide all voolav vesi ja liiv kergesti kaevu ning mustus ja tolm ei saa \u00f5hku tagasi t\u00f5usta.<\/p>\n","protected":false},"excerpt":{"rendered":"<p>Dr DirtV\u00e4ga kvaliteetne ja vastupidav moodulstruktuuriga p\u00f5randakatteplaat, mis on m\u00f5eldud eelk\u00f5ige garaazide, ateljeede, terrasside ja esindussaalide kaunistamiseks. V\u00e4ga lihtne ja kiire paigaldada! Libisemisvastane pind tagab suurep\u00e4rase haarduvuse ka m\u00e4rjana. Kandev\u00f5ime kuni 20 tonni plaadi kohta! Saadaval 7 erinevas v\u00e4rvitoonis.<\/p>\n","protected":false},"featured_media":3969,"comment_status":"closed","ping_status":"open","template":"","meta":{"_monsterinsights_skip_tracking":false,"_monsterinsights_sitenote_active":false,"_monsterinsights_sitenote_note":"","_monsterinsights_sitenote_category":0},"product_brand":[],"product_cat":[46],"product_tag":[],"class_list":{"0":"post-3945","1":"product","2":"type-product","3":"status-publish","4":"has-post-thumbnail","6":"product_cat-autohooldus-muu","7":"pa_brand-dr-dirt","8":"pa_kasutusotstarve-garaazi-lao-terrassi-jne-poranda-katmine","9":"pa_materjal-polupropuleen","10":"pa_uhiku-hind-59-90e-tk","12":"first","13":"onbackorder","14":"taxable","15":"shipping-taxable","16":"purchasable","17":"product-type-simple"},"_links":{"self":[{"href":"https:\/\/chemicalstore.ee\/ru\/wp-json\/wp\/v2\/product\/3945","targetHints":{"allow":["GET"]}}],"collection":[{"href":"https:\/\/chemicalstore.ee\/ru\/wp-json\/wp\/v2\/product"}],"about":[{"href":"https:\/\/chemicalstore.ee\/ru\/wp-json\/wp\/v2\/types\/product"}],"replies":[{"embeddable":true,"href":"https:\/\/chemicalstore.ee\/ru\/wp-json\/wp\/v2\/comments?post=3945"}],"wp:featuredmedia":[{"embeddable":true,"href":"https:\/\/chemicalstore.ee\/ru\/wp-json\/wp\/v2\/media\/3969"}],"wp:attachment":[{"href":"https:\/\/chemicalstore.ee\/ru\/wp-json\/wp\/v2\/media?parent=3945"}],"wp:term":[{"taxonomy":"product_brand","embeddable":true,"href":"https:\/\/chemicalstore.ee\/ru\/wp-json\/wp\/v2\/product_brand?post=3945"},{"taxonomy":"product_cat","embeddable":true,"href":"https:\/\/chemicalstore.ee\/ru\/wp-json\/wp\/v2\/product_cat?post=3945"},{"taxonomy":"product_tag","embeddable":true,"href":"https:\/\/chemicalstore.ee\/ru\/wp-json\/wp\/v2\/product_tag?post=3945"}],"curies":[{"name":"wp","href":"https:\/\/api.w.org\/{rel}","templated":true}]}}