{"id":3934,"date":"2024-10-02T13:12:16","date_gmt":"2024-10-02T13:12:16","guid":{"rendered":"https:\/\/chemicalstore.ee\/toode\/survepesuri-pustol-pressure-gun-g3-snaplock-dr-dirt\/"},"modified":"2024-10-02T13:12:28","modified_gmt":"2024-10-02T13:12:28","slug":"survepesuri-pustol-pressure-gun-g3-snaplock-dr-dirt","status":"publish","type":"product","link":"https:\/\/chemicalstore.ee\/ru\/toode\/survepesuri-pustol-pressure-gun-g3-snaplock-dr-dirt\/","title":{"rendered":"Survepesuri p\u00fcstol, Pressure Gun G3, SnapLock &#8211; Dr Dirt"},"content":{"rendered":"<p>Dr Dirt Pressure Gun G3 on \u00fclimugav l\u00fchikese k\u00e4epidemega survepesuri p\u00fcstol,mis \u00fchildub SnapLock\u2122 kiirliide tarvikutega.T\u00e4nu k\u00e4epideme kiir\u00fchenduse funktsioonile saab survepesuri muuta ka kiir\u00fchendusega t\u00f6\u00f6tama, mis muudab erinevate tarvikute, nagu vahustaja ja du\u0161itorude vahetamise pesemise ajal lihtsaks ja vaevatuks. K\u00e4epide kinnitatakse vooliku k\u00fclge kas 3\/8&#8243; kiir\u00fchendusega v\u00f5i M22 keermega pistikuga, mis tagab selle sobivuse enamusele turul olevatele survepesuritega.Lisaks on k\u00e4epide varustatud fikseeritud p\u00f6\u00f6rleva pistikuga, mis takistab voolik kasutamise k\u00e4igus v\u00e4\u00e4ndumise eest,nii et pesemine k\u00e4ib nagu tants.L\u00fchike k\u00e4epide on ideaalne eriti siis, kui autot pestakse kitsas kohas v\u00f5i pole selle \u00fcmber muidu palju ruumi, sel juhul on pikka varrega t\u00f6\u00f6tamine keeruline.Lisaks on l\u00fchike k\u00e4epide kergesti juhitav ja m\u00f5nusalt kerge, mis teeb sellest veelgi k\u00e4ep\u00e4rasema t\u00f6\u00f6kaaslase!<\/p>\n","protected":false},"excerpt":{"rendered":"<p>Dr Dirt<\/p>\n","protected":false},"featured_media":3935,"comment_status":"closed","ping_status":"open","template":"","meta":{"_monsterinsights_skip_tracking":false,"_monsterinsights_sitenote_active":false,"_monsterinsights_sitenote_note":"","_monsterinsights_sitenote_category":0},"product_brand":[],"product_cat":[46],"product_tag":[],"class_list":{"0":"post-3934","1":"product","2":"type-product","3":"status-publish","4":"has-post-thumbnail","6":"product_cat-autohooldus-muu","7":"pa_brand-dr-dirt","8":"pa_kasutusotstarve-survepesuri-pustol","9":"pa_max-vee-temperatuur-150-kraadi","10":"pa_uhiku-hind-59-90e-tk","12":"first","13":"onbackorder","14":"taxable","15":"shipping-taxable","16":"purchasable","17":"product-type-simple"},"_links":{"self":[{"href":"https:\/\/chemicalstore.ee\/ru\/wp-json\/wp\/v2\/product\/3934","targetHints":{"allow":["GET"]}}],"collection":[{"href":"https:\/\/chemicalstore.ee\/ru\/wp-json\/wp\/v2\/product"}],"about":[{"href":"https:\/\/chemicalstore.ee\/ru\/wp-json\/wp\/v2\/types\/product"}],"replies":[{"embeddable":true,"href":"https:\/\/chemicalstore.ee\/ru\/wp-json\/wp\/v2\/comments?post=3934"}],"wp:featuredmedia":[{"embeddable":true,"href":"https:\/\/chemicalstore.ee\/ru\/wp-json\/wp\/v2\/media\/3935"}],"wp:attachment":[{"href":"https:\/\/chemicalstore.ee\/ru\/wp-json\/wp\/v2\/media?parent=3934"}],"wp:term":[{"taxonomy":"product_brand","embeddable":true,"href":"https:\/\/chemicalstore.ee\/ru\/wp-json\/wp\/v2\/product_brand?post=3934"},{"taxonomy":"product_cat","embeddable":true,"href":"https:\/\/chemicalstore.ee\/ru\/wp-json\/wp\/v2\/product_cat?post=3934"},{"taxonomy":"product_tag","embeddable":true,"href":"https:\/\/chemicalstore.ee\/ru\/wp-json\/wp\/v2\/product_tag?post=3934"}],"curies":[{"name":"wp","href":"https:\/\/api.w.org\/{rel}","templated":true}]}}