{"id":3893,"date":"2024-10-02T13:12:16","date_gmt":"2024-10-02T13:12:16","guid":{"rendered":"https:\/\/chemicalstore.ee\/toode\/eelpesuainecitrine-traffic-film-remover-5000ml\/"},"modified":"2024-10-02T13:12:26","modified_gmt":"2024-10-02T13:12:26","slug":"eelpesuainecitrine-traffic-film-remover-5000ml","status":"publish","type":"product","link":"https:\/\/chemicalstore.ee\/ru\/toode\/eelpesuainecitrine-traffic-film-remover-5000ml\/","title":{"rendered":"Eelpesuaine,CITRINE Traffic Film Remover &#8211; 5000ml"},"content":{"rendered":"<p>CITRINE TFR on ideaalne eelpesuks. T\u00e4nu oma aluselisele pH-tasemele puhastab see kiiresti v\u00e4list pindadest k\u00f5ige t\u00f5rksamad mustused, rasvad ja valmistab pinnad ette p\u00f5hjalikuks puhastuseks. See on ohutu k\u00f5ikidele kerekomponentidele. K\u00f5rge kontsentratsioon v\u00f5imaldab lahjendust kohandada mustuse tugevusele vastavalt proportsioonides: 1:10 &#8211; tugev mustus | 1:30 &#8211; kerge mustus. Kandke jahtunud pinnale, oodake 2 minutit, seej\u00e4rel loputage veega.<\/p>\n","protected":false},"excerpt":{"rendered":"<p>AUTO GRAPH Detailing<\/p>\n","protected":false},"featured_media":3894,"comment_status":"closed","ping_status":"open","template":"","meta":{"_monsterinsights_skip_tracking":false,"_monsterinsights_sitenote_active":false,"_monsterinsights_sitenote_note":"","_monsterinsights_sitenote_category":0},"product_brand":[],"product_cat":[35],"product_tag":[],"class_list":{"0":"post-3893","1":"product","2":"type-product","3":"status-publish","4":"has-post-thumbnail","6":"product_cat-puhastusvahendid-autohooldustooted","7":"pa_brand-auto-graph-detailing","8":"pa_kasutusotstarve-eelpesu","9":"pa_omadused-tohus-puhastusomadus","10":"pa_uhiku-hind-8-18e-l","12":"first","13":"onbackorder","14":"taxable","15":"shipping-taxable","16":"purchasable","17":"product-type-simple"},"_links":{"self":[{"href":"https:\/\/chemicalstore.ee\/ru\/wp-json\/wp\/v2\/product\/3893","targetHints":{"allow":["GET"]}}],"collection":[{"href":"https:\/\/chemicalstore.ee\/ru\/wp-json\/wp\/v2\/product"}],"about":[{"href":"https:\/\/chemicalstore.ee\/ru\/wp-json\/wp\/v2\/types\/product"}],"replies":[{"embeddable":true,"href":"https:\/\/chemicalstore.ee\/ru\/wp-json\/wp\/v2\/comments?post=3893"}],"wp:featuredmedia":[{"embeddable":true,"href":"https:\/\/chemicalstore.ee\/ru\/wp-json\/wp\/v2\/media\/3894"}],"wp:attachment":[{"href":"https:\/\/chemicalstore.ee\/ru\/wp-json\/wp\/v2\/media?parent=3893"}],"wp:term":[{"taxonomy":"product_brand","embeddable":true,"href":"https:\/\/chemicalstore.ee\/ru\/wp-json\/wp\/v2\/product_brand?post=3893"},{"taxonomy":"product_cat","embeddable":true,"href":"https:\/\/chemicalstore.ee\/ru\/wp-json\/wp\/v2\/product_cat?post=3893"},{"taxonomy":"product_tag","embeddable":true,"href":"https:\/\/chemicalstore.ee\/ru\/wp-json\/wp\/v2\/product_tag?post=3893"}],"curies":[{"name":"wp","href":"https:\/\/api.w.org\/{rel}","templated":true}]}}